{"id":3,"date":"2024-11-04T09:07:27","date_gmt":"2024-11-04T09:07:27","guid":{"rendered":"https:\/\/harbordevelopment.pl\/?page_id=3"},"modified":"2025-08-11T11:42:14","modified_gmt":"2025-08-11T11:42:14","slug":"polityka-prywatnosci","status":"publish","type":"page","link":"https:\/\/harbordevelopment.pl\/de\/polityka-prywatnosci\/","title":{"rendered":"Datenschutzbestimmungen"},"content":{"rendered":"<div data-elementor-type=\"wp-page\" data-elementor-id=\"3\" class=\"elementor elementor-3\" data-elementor-post-type=\"page\">\n\t\t\t\t<div class=\"elementor-element elementor-element-22795105 e-flex e-con-boxed e-con e-parent\" data-id=\"22795105\" data-element_type=\"container\" data-e-type=\"container\">\n\t\t\t\t\t<div class=\"e-con-inner\">\n\t\t\t\t<div class=\"elementor-element elementor-element-5fc14da elementor-widget elementor-widget-heading\" data-id=\"5fc14da\" data-element_type=\"widget\" data-e-type=\"widget\" data-widget_type=\"heading.default\">\n\t\t\t\t<div class=\"elementor-widget-container\">\n\t\t\t\t\t<h2 class=\"elementor-heading-title elementor-size-default\">Datenschutzbestimmungen<\/h2>\t\t\t\t<\/div>\n\t\t\t\t<\/div>\n\t\t\t\t<div class=\"elementor-element elementor-element-7466c728 elementor-widget__width-initial animated-slow elementor-invisible elementor-widget elementor-widget-text-editor\" data-id=\"7466c728\" data-element_type=\"widget\" data-e-type=\"widget\" data-settings=\"{&quot;_animation&quot;:&quot;fadeIn&quot;}\" data-widget_type=\"text-editor.default\">\n\t\t\t\t<div class=\"elementor-widget-container\">\n\t\t\t\t\t\t\t\t\t<h3 data-start=\"229\" data-end=\"247\">1 Definitionen<\/h3>\n<p data-start=\"249\" data-end=\"409\"><strong data-start=\"249\" data-end=\"266\">Verwalter<\/strong> - HARBOR DEVELOPMENT SP\u00d3\u0141KA Z OGRANICZON\u0104 ODPOWIEDZIALNO\u015aCI\u0104, Aleja Grunwaldzka 347, 80-341 Gda\u0144sk, Polen, NIP 5842842096, REGON 526647527.<\/p>\n<p data-start=\"411\" data-end=\"974\"><strong data-start=\"411\" data-end=\"427\">Pers\u00f6nliche Daten<\/strong> - alle Informationen \u00fcber eine bestimmte oder bestimmbare nat\u00fcrliche Person (\u201ebetroffene Person\u201d); als bestimmbar wird eine nat\u00fcrliche Person angesehen, die direkt oder indirekt identifiziert werden kann, insbesondere durch Zuordnung zu einer Kennung wie einem Namen, zu einer Kennnummer, zu Standortdaten, zu einer Online-Kennung oder zu einem oder mehreren besonderen Merkmalen, die Ausdruck der physischen, physiologischen, genetischen, psychischen, wirtschaftlichen, kulturellen oder sozialen Identit\u00e4t dieser nat\u00fcrlichen Person sind.<\/p>\n<p data-start=\"976\" data-end=\"1353\"><strong data-start=\"976\" data-end=\"988\">Politik<\/strong> - das folgende Dokument, das unter dieser Adresse abrufbar ist und Informationen enth\u00e4lt, die den Nutzer des Dienstes \u00fcber den Umfang und die Art und Weise der Verarbeitung seiner personenbezogenen Daten im Zusammenhang mit dem Betrieb des Dienstes, die Art und Weise der Speicherung, Sicherung und Nutzung der Daten, die M\u00f6glichkeiten und den Umfang der Nutzung der Daten, Informationen und Materialien, die der Nutzer im Dienst pr\u00e4sentiert, informieren.<\/p>\n<p data-start=\"1355\" data-end=\"1615\"><strong data-start=\"1355\" data-end=\"1363\">RODO<\/strong> - Verordnung (EU) 2016\/679 des Europ\u00e4ischen Parlaments und des Rates vom 27. April 2016 zum Schutz nat\u00fcrlicher Personen bei der Verarbeitung personenbezogener Daten, zum freien Datenverkehr und zur Aufhebung der Richtlinie 95\/46\/EG.<\/p>\n<p data-start=\"1617\" data-end=\"1773\"><strong data-start=\"1617\" data-end=\"1631\">Benutzer<\/strong> - jede nat\u00fcrliche Person, die die Website besucht oder einen oder mehrere der in der Datenschutzrichtlinie beschriebenen Dienste oder Funktionen nutzt.<\/p>\n<hr data-start=\"1775\" data-end=\"1778\" \/>\n<h3 data-start=\"1780\" data-end=\"1844\">2. DIE VERARBEITUNG VON DATEN IM ZUSAMMENHANG MIT DER NUTZUNG DER WEBSITE<\/h3>\n<p data-start=\"1846\" data-end=\"2255\">Im Zusammenhang mit der Nutzung der Website durch den Nutzer sammelt der Administrator Daten in dem Umfang, der f\u00fcr die Erbringung der angebotenen Dienstleistungen erforderlich ist, sowie Informationen \u00fcber die Aktivit\u00e4ten des Nutzers auf der Website. Ihre pers\u00f6nlichen Daten werden nur mit Ihrer Zustimmung erhoben und verwendet. Ausnahmen von dieser Regel sind Situationen, in denen eine vorherige Zustimmung nicht m\u00f6glich ist und die Datenverarbeitung gesetzlich erlaubt ist.<\/p>\n<hr data-start=\"2257\" data-end=\"2260\" \/>\n<h3 data-start=\"2262\" data-end=\"2328\">3. DIE ZWECKE UND RECHTSGRUNDLAGEN DER VERARBEITUNG DER DATEN AUF DER WEBSITE<\/h3>\n<p data-start=\"2330\" data-end=\"2521\">Wir erheben, verarbeiten und nutzen Ihre personenbezogenen Daten f\u00fcr die folgenden Zwecke:<br data-start=\"2412\" data-end=\"2415\" \/>- Abschluss und Ausf\u00fchrung von Vertr\u00e4gen<br data-start=\"2442\" data-end=\"2445\" \/>- Versand von Newslettern<br data-start=\"2472\" data-end=\"2475\" \/>- Kundenbetreuung<br data-start=\"2492\" data-end=\"2495\" \/>- Zustellung der Sendung<\/p>\n<p data-start=\"2523\" data-end=\"2600\">Die Verarbeitung Ihrer personenbezogenen Daten erfolgt auf der Grundlage der gesetzlichen Bestimmungen:<\/p>\n<ul data-start=\"2601\" data-end=\"2946\">\n<li data-start=\"2601\" data-end=\"2689\">\n<p data-start=\"2603\" data-end=\"2689\">Art. 6, Abs.. 1 lit. a - Einwilligung in die Verarbeitung f\u00fcr bestimmte Zwecke (z. B. Newsletter)<\/p>\n<\/li>\n<li data-start=\"2690\" data-end=\"2760\">\n<p data-start=\"2692\" data-end=\"2760\">Art. 6, Abs.. 1 lit. b - f\u00fcr die Erf\u00fcllung des Vertrags erforderliche Verarbeitung<\/p>\n<\/li>\n<li data-start=\"2761\" data-end=\"2819\">\n<p data-start=\"2763\" data-end=\"2819\">Art. 6, Abs.. 1 lit. c - Erf\u00fcllung einer rechtlichen Verpflichtung<\/p>\n<\/li>\n<li data-start=\"2820\" data-end=\"2875\">\n<p data-start=\"2822\" data-end=\"2875\">Art. 6, Abs.. 1(d) - Schutz lebenswichtiger Interessen<\/p>\n<\/li>\n<li data-start=\"2876\" data-end=\"2946\">\n<p data-start=\"2878\" data-end=\"2946\">Art. 6, Abs. 1 lit. f - berechtigtes Interesse des Verwalters<\/p>\n<\/li>\n<\/ul>\n<hr data-start=\"2948\" data-end=\"2951\" \/>\n<h3 data-start=\"2953\" data-end=\"3000\">4. DIE VERARBEITUNG PERSONENBEZOGENER DATEN DER KUNDEN<\/h3>\n<p data-start=\"3002\" data-end=\"3452\"><strong data-start=\"3002\" data-end=\"3030\">a. Kontaktaufnahme<\/strong><br data-start=\"3030\" data-end=\"3033\" \/>Die Daten, die Sie uns bei der Kontaktaufnahme per Telefon, E-Mail oder Online-Chat \u00fcbermitteln, werden von uns gem\u00e4\u00df Art. 6 Abs. 1(b) oder (f) DSGVO zum Zweck der Beantwortung Ihrer Fragen und f\u00fcr den Kundendienst gespeichert.<br data-start=\"3279\" data-end=\"3282\" \/>Wenn wir beim Ausf\u00fcllen des Kontaktformulars Ihre Einwilligung zum Erhalt von Werbeinhalten eingeholt haben, erfolgt die Verarbeitung Ihrer Daten auf der Grundlage von Art. 6 Abs. 1 lit. a RODO. 1 lit. a RODO.<\/p>\n<p data-start=\"3454\" data-end=\"3695\"><strong data-start=\"3454\" data-end=\"3480\">b. Verschiedene Bestimmungen<\/strong><br data-start=\"3480\" data-end=\"3483\" \/>Auf der Grundlage von Art. 6 Abs.. 1(c) und (f) DSGVO verwenden und speichern wir Daten, um Missbrauch vorzubeugen, unsere Rechte zu sch\u00fctzen und im Falle von Angriffen auf unsere IT-Systeme zu ermitteln.<\/p>\n<hr data-start=\"3697\" data-end=\"3700\" \/>\n<h3 data-start=\"3702\" data-end=\"3720\">5. VERMARKTUNG<\/h3>\n<p data-start=\"3722\" data-end=\"3937\">Der Verwalter verarbeitet die personenbezogenen Daten der Nutzer, um Marketingaktivit\u00e4ten durchzuf\u00fchren, einschlie\u00dflich:<br data-start=\"3823\" data-end=\"3826\" \/>- kontextbezogene Werbung<br data-start=\"3847\" data-end=\"3850\" \/>- verhaltensbasierte Werbung<br data-start=\"3872\" data-end=\"3875\" \/>- E-Mail- und SMS\/MMS-Newsletter<br data-start=\"3904\" data-end=\"3907\" \/>- Telemarketing-Aktivit\u00e4ten<\/p>\n<p data-start=\"3939\" data-end=\"4132\">Der Nutzer kann den Newsletter jederzeit wieder abbestellen, indem er eine E-Mail an <strong data-start=\"4037\" data-end=\"4067\"><a class=\"cursor-pointer\" rel=\"noopener\" data-start=\"4039\" data-end=\"4065\">biuro@harbordevelopment.pl<\/a><\/strong> oder indem Sie im Newsletter auf \u201eAbbestellen\u201d klicken.<\/p>\n<hr data-start=\"4134\" data-end=\"4137\" \/>\n<h3 data-start=\"4139\" data-end=\"4171\">6. SOZIALE NETZWERKE<\/h3>\n<p data-start=\"4173\" data-end=\"4365\">Der Administrator verarbeitet die Daten von Nutzern, die Profile in sozialen Medien (Facebook, Instagram, YouTube, LinkedIn) besuchen, um zu informieren, f\u00fcr Veranstaltungen zu werben und zu kommunizieren.<\/p>\n<hr data-start=\"4367\" data-end=\"4370\" \/>\n<h3 data-start=\"4372\" data-end=\"4394\">7. KOKIEN<\/h3>\n<p data-start=\"4396\" data-end=\"4479\">Die Verarbeitung von Cookies erfolgt in \u00dcbereinstimmung mit dieser Datenschutzrichtlinie.<\/p>\n<hr data-start=\"4481\" data-end=\"4484\" \/>\n<h3 data-start=\"4486\" data-end=\"4521\">8. DAUER DER DATENVERARBEITUNG<\/h3>\n<p data-start=\"4523\" data-end=\"4677\">Die Daten werden f\u00fcr die Dauer der Dienstleistung oder bis zu deren Beendigung verarbeitet:<br data-start=\"4588\" data-end=\"4591\" \/>- Ablauf der Verj\u00e4hrungsfrist f\u00fcr Anspr\u00fcche<br data-start=\"4630\" data-end=\"4633\" \/>- Widerruf der Zustimmung<br data-start=\"4650\" data-end=\"4653\" \/>- Einw\u00e4nde<\/p>\n<hr data-start=\"4679\" data-end=\"4682\" \/>\n<h3 data-start=\"4684\" data-end=\"4716\">9 BENUTZERRECHTE<\/h3>\n<p data-start=\"4718\" data-end=\"4980\">Nach der RODO haben Sie das Recht auf: Auskunft, Berichtigung, L\u00f6schung, Einschr\u00e4nkung der Verarbeitung, \u00dcbertragbarkeit, Widerspruch, Beschwerde bei der Datenschutzbeh\u00f6rde.<br data-start=\"4871\" data-end=\"4874\" \/>Um Ihre Rechte auszu\u00fcben, wenden Sie sich bitte an den Administrator unter folgender Adresse <strong data-start=\"4947\" data-end=\"4977\"><a class=\"cursor-pointer\" rel=\"noopener\" data-start=\"4949\" data-end=\"4975\">biuro@harbordevelopment.pl<\/a><\/strong>.<\/p>\n<hr data-start=\"4982\" data-end=\"4985\" \/>\n<h3 data-start=\"4987\" data-end=\"5012\">10. DIE EMPF\u00c4NGER DER DATEN<\/h3>\n<p data-start=\"5014\" data-end=\"5174\">Die Daten k\u00f6nnen an Stellen weitergegeben werden, die mit dem Verwalter zusammenarbeiten, wie IT-Systemanbieter, Banken, Zahlungsdienstleister, Kurierdienste und Buchhaltungsunternehmen.<\/p>\n<hr data-start=\"5176\" data-end=\"5179\" \/>\n<h3 data-start=\"5181\" data-end=\"5220\">11. \u00dcBERMITTLUNG VON DATEN AUSSERHALB DES EWR<\/h3>\n<p data-start=\"5222\" data-end=\"5276\">Der f\u00fcr die Verarbeitung Verantwortliche \u00fcbermittelt keine Daten in L\u00e4nder au\u00dferhalb des EWR.<\/p>\n<hr data-start=\"5278\" data-end=\"5281\" \/>\n<h3 data-start=\"5283\" data-end=\"5314\">12. DATENSICHERHEIT<\/h3>\n<p data-start=\"5316\" data-end=\"5434\">Der f\u00fcr die Verarbeitung Verantwortliche ergreift technische und organisatorische Ma\u00dfnahmen, um eine unrechtm\u00e4\u00dfige Verarbeitung und den Verlust von Daten zu verhindern.<\/p>\n<hr data-start=\"5436\" data-end=\"5439\" \/>\n<h3 data-start=\"5441\" data-end=\"5466\">13. KONTAKTINFORMATIONEN<\/h3>\n<p data-start=\"5468\" data-end=\"5593\">Die Kontaktaufnahme mit dem Administrator ist per E-Mail m\u00f6glich <strong data-start=\"5522\" data-end=\"5552\"><a class=\"cursor-pointer\" rel=\"noopener\" data-start=\"5524\" data-end=\"5550\">biuro@harbordevelopment.pl<\/a><\/strong> oder Telefon wie auf der Homepage angegeben.<\/p>\n<hr data-start=\"5595\" data-end=\"5598\" \/>\n<h3 data-start=\"5600\" data-end=\"5637\">14. \u00c4NDERUNGEN DER DATENSCHUTZRICHTLINIE<\/h3>\n<p data-start=\"5639\" data-end=\"5724\">Die Datenschutzpolitik wird regelm\u00e4\u00dfig \u00fcberpr\u00fcft und bei Bedarf aktualisiert.<\/p>\t\t\t\t\t\t\t\t<\/div>\n\t\t\t\t<\/div>\n\t\t\t\t\t<\/div>\n\t\t\t\t<\/div>\n\t\t\t\t<\/div>","protected":false},"excerpt":{"rendered":"<p>Polityka prywatno\u015bci 1. Definicje Administrator \u2013 HARBOR DEVELOPMENT SP\u00d3\u0141KA Z OGRANICZON\u0104 ODPOWIEDZIALNO\u015aCI\u0104, Aleja Grunwaldzka 347, 80-341 Gda\u0144sk, Polska, NIP 5842842096, [&hellip;]<\/p>\n","protected":false},"author":1,"featured_media":0,"parent":0,"menu_order":0,"comment_status":"closed","ping_status":"closed","template":"elementor_canvas","meta":{"inline_featured_image":false,"site-sidebar-layout":"default","site-content-layout":"","ast-site-content-layout":"default","site-content-style":"default","site-sidebar-style":"default","ast-global-header-display":"","ast-banner-title-visibility":"","ast-main-header-display":"","ast-hfb-above-header-display":"","ast-hfb-below-header-display":"","ast-hfb-mobile-header-display":"","site-post-title":"","ast-breadcrumbs-content":"","ast-featured-img":"","footer-sml-layout":"","ast-disable-related-posts":"","theme-transparent-header-meta":"","adv-header-id-meta":"","stick-header-meta":"","header-above-stick-meta":"","header-main-stick-meta":"","header-below-stick-meta":"","astra-migrate-meta-layouts":"default","ast-page-background-enabled":"default","ast-page-background-meta":{"desktop":{"background-color":"var(--ast-global-color-4)","background-image":"","background-repeat":"repeat","background-position":"center center","background-size":"auto","background-attachment":"scroll","background-type":"","background-media":"","overlay-type":"","overlay-color":"","overlay-opacity":"","overlay-gradient":""},"tablet":{"background-color":"","background-image":"","background-repeat":"repeat","background-position":"center center","background-size":"auto","background-attachment":"scroll","background-type":"","background-media":"","overlay-type":"","overlay-color":"","overlay-opacity":"","overlay-gradient":""},"mobile":{"background-color":"","background-image":"","background-repeat":"repeat","background-position":"center center","background-size":"auto","background-attachment":"scroll","background-type":"","background-media":"","overlay-type":"","overlay-color":"","overlay-opacity":"","overlay-gradient":""}},"ast-content-background-meta":{"desktop":{"background-color":"var(--ast-global-color-5)","background-image":"","background-repeat":"repeat","background-position":"center center","background-size":"auto","background-attachment":"scroll","background-type":"","background-media":"","overlay-type":"","overlay-color":"","overlay-opacity":"","overlay-gradient":""},"tablet":{"background-color":"var(--ast-global-color-5)","background-image":"","background-repeat":"repeat","background-position":"center center","background-size":"auto","background-attachment":"scroll","background-type":"","background-media":"","overlay-type":"","overlay-color":"","overlay-opacity":"","overlay-gradient":""},"mobile":{"background-color":"var(--ast-global-color-5)","background-image":"","background-repeat":"repeat","background-position":"center center","background-size":"auto","background-attachment":"scroll","background-type":"","background-media":"","overlay-type":"","overlay-color":"","overlay-opacity":"","overlay-gradient":""}},"footnotes":""},"class_list":["post-3","page","type-page","status-publish","hentry"],"acf":[],"yoast_head":"<!-- This site is optimized with the Yoast SEO plugin v27.3 - https:\/\/yoast.com\/product\/yoast-seo-wordpress\/ -->\n<title>Polityka Prywatno\u015bci - Harbor Development<\/title>\n<meta name=\"robots\" content=\"index, follow, max-snippet:-1, max-image-preview:large, max-video-preview:-1\" \/>\n<link rel=\"canonical\" href=\"https:\/\/harbordevelopment.pl\/de\/polityka-prywatnosci\/\" \/>\n<meta property=\"og:locale\" content=\"de_DE\" \/>\n<meta property=\"og:type\" content=\"article\" \/>\n<meta property=\"og:title\" content=\"Polityka Prywatno\u015bci - Harbor Development\" \/>\n<meta property=\"og:description\" content=\"Polityka prywatno\u015bci 1. Definicje Administrator \u2013 HARBOR DEVELOPMENT SP\u00d3\u0141KA Z OGRANICZON\u0104 ODPOWIEDZIALNO\u015aCI\u0104, Aleja Grunwaldzka 347, 80-341 Gda\u0144sk, Polska, NIP 5842842096, [&hellip;]\" \/>\n<meta property=\"og:url\" content=\"https:\/\/harbordevelopment.pl\/de\/polityka-prywatnosci\/\" \/>\n<meta property=\"og:site_name\" content=\"Harbor Development\" \/>\n<meta property=\"article:modified_time\" content=\"2025-08-11T11:42:14+00:00\" \/>\n<meta name=\"twitter:card\" content=\"summary_large_image\" \/>\n<meta name=\"twitter:label1\" content=\"Gesch\u00e4tzte Lesezeit\" \/>\n\t<meta name=\"twitter:data1\" content=\"4\u00a0Minuten\" \/>\n<script type=\"application\/ld+json\" class=\"yoast-schema-graph\">{\"@context\":\"https:\\\/\\\/schema.org\",\"@graph\":[{\"@type\":\"WebPage\",\"@id\":\"https:\\\/\\\/harbordevelopment.pl\\\/polityka-prywatnosci\\\/\",\"url\":\"https:\\\/\\\/harbordevelopment.pl\\\/polityka-prywatnosci\\\/\",\"name\":\"Polityka Prywatno\u015bci - Harbor Development\",\"isPartOf\":{\"@id\":\"https:\\\/\\\/harbordevelopment.pl\\\/#website\"},\"datePublished\":\"2024-11-04T09:07:27+00:00\",\"dateModified\":\"2025-08-11T11:42:14+00:00\",\"breadcrumb\":{\"@id\":\"https:\\\/\\\/harbordevelopment.pl\\\/polityka-prywatnosci\\\/#breadcrumb\"},\"inLanguage\":\"de\",\"potentialAction\":[{\"@type\":\"ReadAction\",\"target\":[\"https:\\\/\\\/harbordevelopment.pl\\\/polityka-prywatnosci\\\/\"]}]},{\"@type\":\"BreadcrumbList\",\"@id\":\"https:\\\/\\\/harbordevelopment.pl\\\/polityka-prywatnosci\\\/#breadcrumb\",\"itemListElement\":[{\"@type\":\"ListItem\",\"position\":1,\"name\":\"Strona g\u0142\u00f3wna\",\"item\":\"https:\\\/\\\/harbordevelopment.pl\\\/\"},{\"@type\":\"ListItem\",\"position\":2,\"name\":\"Polityka Prywatno\u015bci\"}]},{\"@type\":\"WebSite\",\"@id\":\"https:\\\/\\\/harbordevelopment.pl\\\/#website\",\"url\":\"https:\\\/\\\/harbordevelopment.pl\\\/\",\"name\":\"Harbor Development\",\"description\":\"Nieruchomo\u015bci szyte na miar\u0119\",\"publisher\":{\"@id\":\"https:\\\/\\\/harbordevelopment.pl\\\/#organization\"},\"potentialAction\":[{\"@type\":\"SearchAction\",\"target\":{\"@type\":\"EntryPoint\",\"urlTemplate\":\"https:\\\/\\\/harbordevelopment.pl\\\/?s={search_term_string}\"},\"query-input\":{\"@type\":\"PropertyValueSpecification\",\"valueRequired\":true,\"valueName\":\"search_term_string\"}}],\"inLanguage\":\"de\"},{\"@type\":\"Organization\",\"@id\":\"https:\\\/\\\/harbordevelopment.pl\\\/#organization\",\"name\":\"Harbor Development\",\"url\":\"https:\\\/\\\/harbordevelopment.pl\\\/\",\"logo\":{\"@type\":\"ImageObject\",\"inLanguage\":\"de\",\"@id\":\"https:\\\/\\\/harbordevelopment.pl\\\/#\\\/schema\\\/logo\\\/image\\\/\",\"url\":\"https:\\\/\\\/harbordevelopment.pl\\\/wp-content\\\/uploads\\\/2024\\\/11\\\/aa97e1ba56c4e43060a12622dcbbb498.png\",\"contentUrl\":\"https:\\\/\\\/harbordevelopment.pl\\\/wp-content\\\/uploads\\\/2024\\\/11\\\/aa97e1ba56c4e43060a12622dcbbb498.png\",\"width\":500,\"height\":500,\"caption\":\"Harbor Development\"},\"image\":{\"@id\":\"https:\\\/\\\/harbordevelopment.pl\\\/#\\\/schema\\\/logo\\\/image\\\/\"}}]}<\/script>\n<!-- \/ Yoast SEO plugin. -->","yoast_head_json":{"title":"Polityka Prywatno\u015bci - Harbor Development","robots":{"index":"index","follow":"follow","max-snippet":"max-snippet:-1","max-image-preview":"max-image-preview:large","max-video-preview":"max-video-preview:-1"},"canonical":"https:\/\/harbordevelopment.pl\/de\/polityka-prywatnosci\/","og_locale":"de_DE","og_type":"article","og_title":"Polityka Prywatno\u015bci - Harbor Development","og_description":"Polityka prywatno\u015bci 1. Definicje Administrator \u2013 HARBOR DEVELOPMENT SP\u00d3\u0141KA Z OGRANICZON\u0104 ODPOWIEDZIALNO\u015aCI\u0104, Aleja Grunwaldzka 347, 80-341 Gda\u0144sk, Polska, NIP 5842842096, [&hellip;]","og_url":"https:\/\/harbordevelopment.pl\/de\/polityka-prywatnosci\/","og_site_name":"Harbor Development","article_modified_time":"2025-08-11T11:42:14+00:00","twitter_card":"summary_large_image","twitter_misc":{"Gesch\u00e4tzte Lesezeit":"4\u00a0Minuten"},"schema":{"@context":"https:\/\/schema.org","@graph":[{"@type":"WebPage","@id":"https:\/\/harbordevelopment.pl\/polityka-prywatnosci\/","url":"https:\/\/harbordevelopment.pl\/polityka-prywatnosci\/","name":"Polityka Prywatno\u015bci - Harbor Development","isPartOf":{"@id":"https:\/\/harbordevelopment.pl\/#website"},"datePublished":"2024-11-04T09:07:27+00:00","dateModified":"2025-08-11T11:42:14+00:00","breadcrumb":{"@id":"https:\/\/harbordevelopment.pl\/polityka-prywatnosci\/#breadcrumb"},"inLanguage":"de","potentialAction":[{"@type":"ReadAction","target":["https:\/\/harbordevelopment.pl\/polityka-prywatnosci\/"]}]},{"@type":"BreadcrumbList","@id":"https:\/\/harbordevelopment.pl\/polityka-prywatnosci\/#breadcrumb","itemListElement":[{"@type":"ListItem","position":1,"name":"Strona g\u0142\u00f3wna","item":"https:\/\/harbordevelopment.pl\/"},{"@type":"ListItem","position":2,"name":"Polityka Prywatno\u015bci"}]},{"@type":"WebSite","@id":"https:\/\/harbordevelopment.pl\/#website","url":"https:\/\/harbordevelopment.pl\/","name":"Harbor Development","description":"Ma\u00dfgeschneiderte Immobilien","publisher":{"@id":"https:\/\/harbordevelopment.pl\/#organization"},"potentialAction":[{"@type":"SearchAction","target":{"@type":"EntryPoint","urlTemplate":"https:\/\/harbordevelopment.pl\/?s={search_term_string}"},"query-input":{"@type":"PropertyValueSpecification","valueRequired":true,"valueName":"search_term_string"}}],"inLanguage":"de"},{"@type":"Organization","@id":"https:\/\/harbordevelopment.pl\/#organization","name":"Harbor Development","url":"https:\/\/harbordevelopment.pl\/","logo":{"@type":"ImageObject","inLanguage":"de","@id":"https:\/\/harbordevelopment.pl\/#\/schema\/logo\/image\/","url":"https:\/\/harbordevelopment.pl\/wp-content\/uploads\/2024\/11\/aa97e1ba56c4e43060a12622dcbbb498.png","contentUrl":"https:\/\/harbordevelopment.pl\/wp-content\/uploads\/2024\/11\/aa97e1ba56c4e43060a12622dcbbb498.png","width":500,"height":500,"caption":"Harbor Development"},"image":{"@id":"https:\/\/harbordevelopment.pl\/#\/schema\/logo\/image\/"}}]}},"_links":{"self":[{"href":"https:\/\/harbordevelopment.pl\/de\/wp-json\/wp\/v2\/pages\/3","targetHints":{"allow":["GET"]}}],"collection":[{"href":"https:\/\/harbordevelopment.pl\/de\/wp-json\/wp\/v2\/pages"}],"about":[{"href":"https:\/\/harbordevelopment.pl\/de\/wp-json\/wp\/v2\/types\/page"}],"author":[{"embeddable":true,"href":"https:\/\/harbordevelopment.pl\/de\/wp-json\/wp\/v2\/users\/1"}],"replies":[{"embeddable":true,"href":"https:\/\/harbordevelopment.pl\/de\/wp-json\/wp\/v2\/comments?post=3"}],"version-history":[{"count":14,"href":"https:\/\/harbordevelopment.pl\/de\/wp-json\/wp\/v2\/pages\/3\/revisions"}],"predecessor-version":[{"id":1235,"href":"https:\/\/harbordevelopment.pl\/de\/wp-json\/wp\/v2\/pages\/3\/revisions\/1235"}],"wp:attachment":[{"href":"https:\/\/harbordevelopment.pl\/de\/wp-json\/wp\/v2\/media?parent=3"}],"curies":[{"name":"wp","href":"https:\/\/api.w.org\/{rel}","templated":true}]}}