{"id":3,"date":"2024-11-04T09:07:27","date_gmt":"2024-11-04T09:07:27","guid":{"rendered":"https:\/\/harbordevelopment.pl\/?page_id=3"},"modified":"2025-08-11T11:42:14","modified_gmt":"2025-08-11T11:42:14","slug":"polityka-prywatnosci","status":"publish","type":"page","link":"https:\/\/harbordevelopment.pl\/en\/polityka-prywatnosci\/","title":{"rendered":"Privacy Policy"},"content":{"rendered":"<div data-elementor-type=\"wp-page\" data-elementor-id=\"3\" class=\"elementor elementor-3\" data-elementor-post-type=\"page\">\n\t\t\t\t<div class=\"elementor-element elementor-element-22795105 e-flex e-con-boxed e-con e-parent\" data-id=\"22795105\" data-element_type=\"container\" data-e-type=\"container\">\n\t\t\t\t\t<div class=\"e-con-inner\">\n\t\t\t\t<div class=\"elementor-element elementor-element-5fc14da elementor-widget elementor-widget-heading\" data-id=\"5fc14da\" data-element_type=\"widget\" data-e-type=\"widget\" data-widget_type=\"heading.default\">\n\t\t\t\t<div class=\"elementor-widget-container\">\n\t\t\t\t\t<h2 class=\"elementor-heading-title elementor-size-default\">Privacy policy<\/h2>\t\t\t\t<\/div>\n\t\t\t\t<\/div>\n\t\t\t\t<div class=\"elementor-element elementor-element-7466c728 elementor-widget__width-initial animated-slow elementor-invisible elementor-widget elementor-widget-text-editor\" data-id=\"7466c728\" data-element_type=\"widget\" data-e-type=\"widget\" data-settings=\"{&quot;_animation&quot;:&quot;fadeIn&quot;}\" data-widget_type=\"text-editor.default\">\n\t\t\t\t<div class=\"elementor-widget-container\">\n\t\t\t\t\t\t\t\t\t<h3 data-start=\"229\" data-end=\"247\">1 Definitions<\/h3>\n<p data-start=\"249\" data-end=\"409\"><strong data-start=\"249\" data-end=\"266\">Administrator<\/strong> - HARBOR DEVELOPMENT SP\u00d3\u0141KA Z OGRANICZON\u0104 ODPOWIEDZIALNO\u015aCI\u0104, Aleja Grunwaldzka 347, 80-341 Gda\u0144sk, Poland, NIP 5842842096, REGON 526647527.<\/p>\n<p data-start=\"411\" data-end=\"974\"><strong data-start=\"411\" data-end=\"427\">Personal data<\/strong> - any information about an identified or identifiable natural person (\u201edata subject\u201d); an identifiable natural person is one who can be identified, directly or indirectly, in particular by reference to an identifier such as a name, an identification number, location data, an online identifier or to one or more factors specific to the physical, physiological, genetic, mental, economic, cultural or social identity of the natural person.<\/p>\n<p data-start=\"976\" data-end=\"1353\"><strong data-start=\"976\" data-end=\"988\">Policy<\/strong> - the following document, available at this address, which contains information indicating to the Service User the scope and manner of processing of his\/her personal data in connection with the operation of the Service, the manner of storing, securing and using the data, the possibilities and scope of use of the data, information and materials presented on the Service by the User.<\/p>\n<p data-start=\"1355\" data-end=\"1615\"><strong data-start=\"1355\" data-end=\"1363\">RODO<\/strong> - Regulation (EU) 2016\/679 of the European Parliament and of the Council of 27 April 2016 on the protection of natural persons with regard to the processing of personal data and on the free movement of such data and repealing Directive 95\/46\/EC.<\/p>\n<p data-start=\"1617\" data-end=\"1773\"><strong data-start=\"1617\" data-end=\"1631\">User<\/strong> - any natural person visiting the Website or using one or more of the services or functionalities described in the privacy policy.<\/p>\n<hr data-start=\"1775\" data-end=\"1778\" \/>\n<h3 data-start=\"1780\" data-end=\"1844\">2. PROCESSING OF DATA IN CONNECTION WITH THE USE OF THE SITE<\/h3>\n<p data-start=\"1846\" data-end=\"2255\">In connection with the User's use of the website, the Administrator collects data to the extent necessary to provide the services offered, as well as information about the User's activity on the website. Your personal data is only collected and used with your consent. Exceptions to this rule are situations in which prior consent is not possible and data processing is permitted by law.<\/p>\n<hr data-start=\"2257\" data-end=\"2260\" \/>\n<h3 data-start=\"2262\" data-end=\"2328\">3. THE PURPOSES AND LEGAL BASES OF THE PROCESSING OF DATA ON THE SITE<\/h3>\n<p data-start=\"2330\" data-end=\"2521\">We collect, process and use your personal data for the following purposes:<br data-start=\"2412\" data-end=\"2415\" \/>- Conclusion and execution of contracts<br data-start=\"2442\" data-end=\"2445\" \/>- Delivery of newsletters<br data-start=\"2472\" data-end=\"2475\" \/>- Customer service<br data-start=\"2492\" data-end=\"2495\" \/>- Delivery of the consignment<\/p>\n<p data-start=\"2523\" data-end=\"2600\">Your personal data will be processed on the basis of the principles under the law:<\/p>\n<ul data-start=\"2601\" data-end=\"2946\">\n<li data-start=\"2601\" data-end=\"2689\">\n<p data-start=\"2603\" data-end=\"2689\">Art. 6, para. 1 lit. a - consent to processing for specific purposes (e.g. newsletter)<\/p>\n<\/li>\n<li data-start=\"2690\" data-end=\"2760\">\n<p data-start=\"2692\" data-end=\"2760\">Art. 6, para. 1 lit. b - processing necessary for performance of the contract<\/p>\n<\/li>\n<li data-start=\"2761\" data-end=\"2819\">\n<p data-start=\"2763\" data-end=\"2819\">Art. 6, para. 1 lit. c - fulfilment of a legal obligation<\/p>\n<\/li>\n<li data-start=\"2820\" data-end=\"2875\">\n<p data-start=\"2822\" data-end=\"2875\">Art. 6, para. 1(d) - protection of vital interests<\/p>\n<\/li>\n<li data-start=\"2876\" data-end=\"2946\">\n<p data-start=\"2878\" data-end=\"2946\">Art. 6, par. 1 lit. f - legitimate interest of the Administrator<\/p>\n<\/li>\n<\/ul>\n<hr data-start=\"2948\" data-end=\"2951\" \/>\n<h3 data-start=\"2953\" data-end=\"3000\">4. PROCESSING OF CUSTOMERS' PERSONAL DATA<\/h3>\n<p data-start=\"3002\" data-end=\"3452\"><strong data-start=\"3002\" data-end=\"3030\">a. Establishing contact<\/strong><br data-start=\"3030\" data-end=\"3033\" \/>The information you provide to us when you contact us by telephone, email or online chat will be stored by us pursuant to Art. 6 par. 1(b) or (f) of the DPA for the purpose of answering your questions and for after-sales service.<br data-start=\"3279\" data-end=\"3282\" \/>If we have obtained your consent to receive commercial content when filling in the contact form, your data will be processed on the basis of Art. 6 par. 1 lit. a RODO.<\/p>\n<p data-start=\"3454\" data-end=\"3695\"><strong data-start=\"3454\" data-end=\"3480\">b. Miscellaneous provisions<\/strong><br data-start=\"3480\" data-end=\"3483\" \/>On the basis of art. 6 par. 1(c) and (f) of the DPA, we use and store data to prevent abuse, protect our rights and investigate in the event of attacks on our IT systems.<\/p>\n<hr data-start=\"3697\" data-end=\"3700\" \/>\n<h3 data-start=\"3702\" data-end=\"3720\">5. MARKETING<\/h3>\n<p data-start=\"3722\" data-end=\"3937\">The Administrator processes Users' personal data in order to carry out marketing activities, including:<br data-start=\"3823\" data-end=\"3826\" \/>- contextual advertising<br data-start=\"3847\" data-end=\"3850\" \/>- behavioural advertising<br data-start=\"3872\" data-end=\"3875\" \/>- e-mail and SMS\/MMS newsletters<br data-start=\"3904\" data-end=\"3907\" \/>- telemarketing activities<\/p>\n<p data-start=\"3939\" data-end=\"4132\">The user may unsubscribe from the newsletter at any time by sending an e-mail to <strong data-start=\"4037\" data-end=\"4067\"><a class=\"cursor-pointer\" rel=\"noopener\" data-start=\"4039\" data-end=\"4065\">biuro@harbordevelopment.pl<\/a><\/strong> or by clicking \u201eUnsubscribe\u201d in the newsletter.<\/p>\n<hr data-start=\"4134\" data-end=\"4137\" \/>\n<h3 data-start=\"4139\" data-end=\"4171\">6. SOCIAL NETWORKS<\/h3>\n<p data-start=\"4173\" data-end=\"4365\">The Administrator processes the data of Users visiting social media profiles (Facebook, Instagram, YouTube, LinkedIn) in order to inform, promote events and communicate.<\/p>\n<hr data-start=\"4367\" data-end=\"4370\" \/>\n<h3 data-start=\"4372\" data-end=\"4394\">7. COOKIES<\/h3>\n<p data-start=\"4396\" data-end=\"4479\">The processing of cookies is carried out in accordance with this privacy policy.<\/p>\n<hr data-start=\"4481\" data-end=\"4484\" \/>\n<h3 data-start=\"4486\" data-end=\"4521\">8. DURATION OF DATA PROCESSING<\/h3>\n<p data-start=\"4523\" data-end=\"4677\">Data is processed for the duration of the service or until:<br data-start=\"4588\" data-end=\"4591\" \/>- expiry of the limitation period for claims<br data-start=\"4630\" data-end=\"4633\" \/>- withdrawal of consent<br data-start=\"4650\" data-end=\"4653\" \/>- objections<\/p>\n<hr data-start=\"4679\" data-end=\"4682\" \/>\n<h3 data-start=\"4684\" data-end=\"4716\">9. USER RIGHTS<\/h3>\n<p data-start=\"4718\" data-end=\"4980\">Under the RODO, you have the right to: access, rectification, deletion, restriction of processing, portability, objection, lodging a complaint with the DPA.<br data-start=\"4871\" data-end=\"4874\" \/>In order to exercise your rights, you should contact the Administrator at the following address <strong data-start=\"4947\" data-end=\"4977\"><a class=\"cursor-pointer\" rel=\"noopener\" data-start=\"4949\" data-end=\"4975\">biuro@harbordevelopment.pl<\/a><\/strong>.<\/p>\n<hr data-start=\"4982\" data-end=\"4985\" \/>\n<h3 data-start=\"4987\" data-end=\"5012\">10. RECIPIENTS OF THE DATA<\/h3>\n<p data-start=\"5014\" data-end=\"5174\">Data may be disclosed to entities that cooperate with the Administrator, such as IT system providers, banks, payment operators, courier and accounting companies.<\/p>\n<hr data-start=\"5176\" data-end=\"5179\" \/>\n<h3 data-start=\"5181\" data-end=\"5220\">11. TRANSMISSION OF DATA OUTSIDE THE EEA<\/h3>\n<p data-start=\"5222\" data-end=\"5276\">The controller does not transfer data outside the EEA.<\/p>\n<hr data-start=\"5278\" data-end=\"5281\" \/>\n<h3 data-start=\"5283\" data-end=\"5314\">12. DATA SECURITY<\/h3>\n<p data-start=\"5316\" data-end=\"5434\">The controller shall apply technical and organisational measures to prevent unlawful processing and loss of data.<\/p>\n<hr data-start=\"5436\" data-end=\"5439\" \/>\n<h3 data-start=\"5441\" data-end=\"5466\">13. CONTACT DETAILS<\/h3>\n<p data-start=\"5468\" data-end=\"5593\">Contact with the Administrator is possible via e-mail <strong data-start=\"5522\" data-end=\"5552\"><a class=\"cursor-pointer\" rel=\"noopener\" data-start=\"5524\" data-end=\"5550\">biuro@harbordevelopment.pl<\/a><\/strong> or telephone as indicated on the homepage.<\/p>\n<hr data-start=\"5595\" data-end=\"5598\" \/>\n<h3 data-start=\"5600\" data-end=\"5637\">14. CHANGES TO THE PRIVACY POLICY<\/h3>\n<p data-start=\"5639\" data-end=\"5724\">The privacy policy is regularly reviewed and updated as necessary.<\/p>\t\t\t\t\t\t\t\t<\/div>\n\t\t\t\t<\/div>\n\t\t\t\t\t<\/div>\n\t\t\t\t<\/div>\n\t\t\t\t<\/div>","protected":false},"excerpt":{"rendered":"<p>Polityka prywatno\u015bci 1. Definicje Administrator \u2013 HARBOR DEVELOPMENT SP\u00d3\u0141KA Z OGRANICZON\u0104 ODPOWIEDZIALNO\u015aCI\u0104, Aleja Grunwaldzka 347, 80-341 Gda\u0144sk, Polska, NIP 5842842096, [&hellip;]<\/p>\n","protected":false},"author":1,"featured_media":0,"parent":0,"menu_order":0,"comment_status":"closed","ping_status":"closed","template":"elementor_canvas","meta":{"inline_featured_image":false,"site-sidebar-layout":"default","site-content-layout":"","ast-site-content-layout":"default","site-content-style":"default","site-sidebar-style":"default","ast-global-header-display":"","ast-banner-title-visibility":"","ast-main-header-display":"","ast-hfb-above-header-display":"","ast-hfb-below-header-display":"","ast-hfb-mobile-header-display":"","site-post-title":"","ast-breadcrumbs-content":"","ast-featured-img":"","footer-sml-layout":"","ast-disable-related-posts":"","theme-transparent-header-meta":"","adv-header-id-meta":"","stick-header-meta":"","header-above-stick-meta":"","header-main-stick-meta":"","header-below-stick-meta":"","astra-migrate-meta-layouts":"default","ast-page-background-enabled":"default","ast-page-background-meta":{"desktop":{"background-color":"var(--ast-global-color-4)","background-image":"","background-repeat":"repeat","background-position":"center center","background-size":"auto","background-attachment":"scroll","background-type":"","background-media":"","overlay-type":"","overlay-color":"","overlay-opacity":"","overlay-gradient":""},"tablet":{"background-color":"","background-image":"","background-repeat":"repeat","background-position":"center center","background-size":"auto","background-attachment":"scroll","background-type":"","background-media":"","overlay-type":"","overlay-color":"","overlay-opacity":"","overlay-gradient":""},"mobile":{"background-color":"","background-image":"","background-repeat":"repeat","background-position":"center center","background-size":"auto","background-attachment":"scroll","background-type":"","background-media":"","overlay-type":"","overlay-color":"","overlay-opacity":"","overlay-gradient":""}},"ast-content-background-meta":{"desktop":{"background-color":"var(--ast-global-color-5)","background-image":"","background-repeat":"repeat","background-position":"center center","background-size":"auto","background-attachment":"scroll","background-type":"","background-media":"","overlay-type":"","overlay-color":"","overlay-opacity":"","overlay-gradient":""},"tablet":{"background-color":"var(--ast-global-color-5)","background-image":"","background-repeat":"repeat","background-position":"center center","background-size":"auto","background-attachment":"scroll","background-type":"","background-media":"","overlay-type":"","overlay-color":"","overlay-opacity":"","overlay-gradient":""},"mobile":{"background-color":"var(--ast-global-color-5)","background-image":"","background-repeat":"repeat","background-position":"center center","background-size":"auto","background-attachment":"scroll","background-type":"","background-media":"","overlay-type":"","overlay-color":"","overlay-opacity":"","overlay-gradient":""}},"footnotes":""},"class_list":["post-3","page","type-page","status-publish","hentry"],"acf":[],"yoast_head":"<!-- This site is optimized with the Yoast SEO plugin v27.3 - https:\/\/yoast.com\/product\/yoast-seo-wordpress\/ -->\n<title>Polityka Prywatno\u015bci - Harbor Development<\/title>\n<meta name=\"robots\" content=\"index, follow, max-snippet:-1, max-image-preview:large, max-video-preview:-1\" \/>\n<link rel=\"canonical\" href=\"https:\/\/harbordevelopment.pl\/en\/polityka-prywatnosci\/\" \/>\n<meta property=\"og:locale\" content=\"en_GB\" \/>\n<meta property=\"og:type\" content=\"article\" \/>\n<meta property=\"og:title\" content=\"Polityka Prywatno\u015bci - Harbor Development\" \/>\n<meta property=\"og:description\" content=\"Polityka prywatno\u015bci 1. Definicje Administrator \u2013 HARBOR DEVELOPMENT SP\u00d3\u0141KA Z OGRANICZON\u0104 ODPOWIEDZIALNO\u015aCI\u0104, Aleja Grunwaldzka 347, 80-341 Gda\u0144sk, Polska, NIP 5842842096, [&hellip;]\" \/>\n<meta property=\"og:url\" content=\"https:\/\/harbordevelopment.pl\/en\/polityka-prywatnosci\/\" \/>\n<meta property=\"og:site_name\" content=\"Harbor Development\" \/>\n<meta property=\"article:modified_time\" content=\"2025-08-11T11:42:14+00:00\" \/>\n<meta name=\"twitter:card\" content=\"summary_large_image\" \/>\n<meta name=\"twitter:label1\" content=\"Estimated reading time\" \/>\n\t<meta name=\"twitter:data1\" content=\"4 minutes\" \/>\n<script type=\"application\/ld+json\" class=\"yoast-schema-graph\">{\"@context\":\"https:\\\/\\\/schema.org\",\"@graph\":[{\"@type\":\"WebPage\",\"@id\":\"https:\\\/\\\/harbordevelopment.pl\\\/polityka-prywatnosci\\\/\",\"url\":\"https:\\\/\\\/harbordevelopment.pl\\\/polityka-prywatnosci\\\/\",\"name\":\"Polityka Prywatno\u015bci - Harbor Development\",\"isPartOf\":{\"@id\":\"https:\\\/\\\/harbordevelopment.pl\\\/#website\"},\"datePublished\":\"2024-11-04T09:07:27+00:00\",\"dateModified\":\"2025-08-11T11:42:14+00:00\",\"breadcrumb\":{\"@id\":\"https:\\\/\\\/harbordevelopment.pl\\\/polityka-prywatnosci\\\/#breadcrumb\"},\"inLanguage\":\"en-GB\",\"potentialAction\":[{\"@type\":\"ReadAction\",\"target\":[\"https:\\\/\\\/harbordevelopment.pl\\\/polityka-prywatnosci\\\/\"]}]},{\"@type\":\"BreadcrumbList\",\"@id\":\"https:\\\/\\\/harbordevelopment.pl\\\/polityka-prywatnosci\\\/#breadcrumb\",\"itemListElement\":[{\"@type\":\"ListItem\",\"position\":1,\"name\":\"Strona g\u0142\u00f3wna\",\"item\":\"https:\\\/\\\/harbordevelopment.pl\\\/\"},{\"@type\":\"ListItem\",\"position\":2,\"name\":\"Polityka Prywatno\u015bci\"}]},{\"@type\":\"WebSite\",\"@id\":\"https:\\\/\\\/harbordevelopment.pl\\\/#website\",\"url\":\"https:\\\/\\\/harbordevelopment.pl\\\/\",\"name\":\"Harbor Development\",\"description\":\"Nieruchomo\u015bci szyte na miar\u0119\",\"publisher\":{\"@id\":\"https:\\\/\\\/harbordevelopment.pl\\\/#organization\"},\"potentialAction\":[{\"@type\":\"SearchAction\",\"target\":{\"@type\":\"EntryPoint\",\"urlTemplate\":\"https:\\\/\\\/harbordevelopment.pl\\\/?s={search_term_string}\"},\"query-input\":{\"@type\":\"PropertyValueSpecification\",\"valueRequired\":true,\"valueName\":\"search_term_string\"}}],\"inLanguage\":\"en-GB\"},{\"@type\":\"Organization\",\"@id\":\"https:\\\/\\\/harbordevelopment.pl\\\/#organization\",\"name\":\"Harbor Development\",\"url\":\"https:\\\/\\\/harbordevelopment.pl\\\/\",\"logo\":{\"@type\":\"ImageObject\",\"inLanguage\":\"en-GB\",\"@id\":\"https:\\\/\\\/harbordevelopment.pl\\\/#\\\/schema\\\/logo\\\/image\\\/\",\"url\":\"https:\\\/\\\/harbordevelopment.pl\\\/wp-content\\\/uploads\\\/2024\\\/11\\\/aa97e1ba56c4e43060a12622dcbbb498.png\",\"contentUrl\":\"https:\\\/\\\/harbordevelopment.pl\\\/wp-content\\\/uploads\\\/2024\\\/11\\\/aa97e1ba56c4e43060a12622dcbbb498.png\",\"width\":500,\"height\":500,\"caption\":\"Harbor Development\"},\"image\":{\"@id\":\"https:\\\/\\\/harbordevelopment.pl\\\/#\\\/schema\\\/logo\\\/image\\\/\"}}]}<\/script>\n<!-- \/ Yoast SEO plugin. -->","yoast_head_json":{"title":"Polityka Prywatno\u015bci - Harbor Development","robots":{"index":"index","follow":"follow","max-snippet":"max-snippet:-1","max-image-preview":"max-image-preview:large","max-video-preview":"max-video-preview:-1"},"canonical":"https:\/\/harbordevelopment.pl\/en\/polityka-prywatnosci\/","og_locale":"en_GB","og_type":"article","og_title":"Polityka Prywatno\u015bci - Harbor Development","og_description":"Polityka prywatno\u015bci 1. Definicje Administrator \u2013 HARBOR DEVELOPMENT SP\u00d3\u0141KA Z OGRANICZON\u0104 ODPOWIEDZIALNO\u015aCI\u0104, Aleja Grunwaldzka 347, 80-341 Gda\u0144sk, Polska, NIP 5842842096, [&hellip;]","og_url":"https:\/\/harbordevelopment.pl\/en\/polityka-prywatnosci\/","og_site_name":"Harbor Development","article_modified_time":"2025-08-11T11:42:14+00:00","twitter_card":"summary_large_image","twitter_misc":{"Estimated reading time":"4 minutes"},"schema":{"@context":"https:\/\/schema.org","@graph":[{"@type":"WebPage","@id":"https:\/\/harbordevelopment.pl\/polityka-prywatnosci\/","url":"https:\/\/harbordevelopment.pl\/polityka-prywatnosci\/","name":"Polityka Prywatno\u015bci - Harbor Development","isPartOf":{"@id":"https:\/\/harbordevelopment.pl\/#website"},"datePublished":"2024-11-04T09:07:27+00:00","dateModified":"2025-08-11T11:42:14+00:00","breadcrumb":{"@id":"https:\/\/harbordevelopment.pl\/polityka-prywatnosci\/#breadcrumb"},"inLanguage":"en-GB","potentialAction":[{"@type":"ReadAction","target":["https:\/\/harbordevelopment.pl\/polityka-prywatnosci\/"]}]},{"@type":"BreadcrumbList","@id":"https:\/\/harbordevelopment.pl\/polityka-prywatnosci\/#breadcrumb","itemListElement":[{"@type":"ListItem","position":1,"name":"Strona g\u0142\u00f3wna","item":"https:\/\/harbordevelopment.pl\/"},{"@type":"ListItem","position":2,"name":"Polityka Prywatno\u015bci"}]},{"@type":"WebSite","@id":"https:\/\/harbordevelopment.pl\/#website","url":"https:\/\/harbordevelopment.pl\/","name":"Harbor Development","description":"Tailor-made real estate","publisher":{"@id":"https:\/\/harbordevelopment.pl\/#organization"},"potentialAction":[{"@type":"SearchAction","target":{"@type":"EntryPoint","urlTemplate":"https:\/\/harbordevelopment.pl\/?s={search_term_string}"},"query-input":{"@type":"PropertyValueSpecification","valueRequired":true,"valueName":"search_term_string"}}],"inLanguage":"en-GB"},{"@type":"Organization","@id":"https:\/\/harbordevelopment.pl\/#organization","name":"Harbor Development","url":"https:\/\/harbordevelopment.pl\/","logo":{"@type":"ImageObject","inLanguage":"en-GB","@id":"https:\/\/harbordevelopment.pl\/#\/schema\/logo\/image\/","url":"https:\/\/harbordevelopment.pl\/wp-content\/uploads\/2024\/11\/aa97e1ba56c4e43060a12622dcbbb498.png","contentUrl":"https:\/\/harbordevelopment.pl\/wp-content\/uploads\/2024\/11\/aa97e1ba56c4e43060a12622dcbbb498.png","width":500,"height":500,"caption":"Harbor Development"},"image":{"@id":"https:\/\/harbordevelopment.pl\/#\/schema\/logo\/image\/"}}]}},"_links":{"self":[{"href":"https:\/\/harbordevelopment.pl\/en\/wp-json\/wp\/v2\/pages\/3","targetHints":{"allow":["GET"]}}],"collection":[{"href":"https:\/\/harbordevelopment.pl\/en\/wp-json\/wp\/v2\/pages"}],"about":[{"href":"https:\/\/harbordevelopment.pl\/en\/wp-json\/wp\/v2\/types\/page"}],"author":[{"embeddable":true,"href":"https:\/\/harbordevelopment.pl\/en\/wp-json\/wp\/v2\/users\/1"}],"replies":[{"embeddable":true,"href":"https:\/\/harbordevelopment.pl\/en\/wp-json\/wp\/v2\/comments?post=3"}],"version-history":[{"count":14,"href":"https:\/\/harbordevelopment.pl\/en\/wp-json\/wp\/v2\/pages\/3\/revisions"}],"predecessor-version":[{"id":1235,"href":"https:\/\/harbordevelopment.pl\/en\/wp-json\/wp\/v2\/pages\/3\/revisions\/1235"}],"wp:attachment":[{"href":"https:\/\/harbordevelopment.pl\/en\/wp-json\/wp\/v2\/media?parent=3"}],"curies":[{"name":"wp","href":"https:\/\/api.w.org\/{rel}","templated":true}]}}