{"id":567,"date":"2025-07-16T18:58:12","date_gmt":"2025-07-16T18:58:12","guid":{"rendered":"https:\/\/harbordevelopment.pl\/?page_id=567"},"modified":"2026-04-10T14:31:57","modified_gmt":"2026-04-10T14:31:57","slug":"inwestycje","status":"publish","type":"page","link":"https:\/\/harbordevelopment.pl\/en\/inwestycje\/","title":{"rendered":"Investments"},"content":{"rendered":"<div data-elementor-type=\"wp-page\" data-elementor-id=\"567\" class=\"elementor elementor-567\" data-elementor-post-type=\"page\">\n\t\t\t\t<div class=\"elementor-element elementor-element-88f2ef2 e-flex e-con-boxed e-con e-parent\" data-id=\"88f2ef2\" data-element_type=\"container\" data-e-type=\"container\" data-settings=\"{&quot;background_background&quot;:&quot;classic&quot;}\">\n\t\t\t\t\t<div class=\"e-con-inner\">\n\t\t<div class=\"elementor-element elementor-element-d1796dd e-con-full e-flex e-con e-child\" data-id=\"d1796dd\" data-element_type=\"container\" data-e-type=\"container\">\n\t\t<div class=\"elementor-element elementor-element-4881dd7 e-con-full e-flex e-con e-child\" data-id=\"4881dd7\" data-element_type=\"container\" data-e-type=\"container\">\n\t\t\t\t<\/div>\n\t\t<div class=\"elementor-element elementor-element-b7d3446 e-con-full animated-slow e-flex elementor-invisible e-con e-child\" data-id=\"b7d3446\" data-element_type=\"container\" data-e-type=\"container\" data-settings=\"{&quot;background_background&quot;:&quot;gradient&quot;,&quot;position&quot;:&quot;absolute&quot;,&quot;animation&quot;:&quot;fadeIn&quot;}\">\n\t\t\t\t<\/div>\n\t\t\t\t<\/div>\n\t\t\t\t<div class=\"elementor-element elementor-element-3bd031f animated-slow elementor-invisible elementor-widget elementor-widget-heading\" data-id=\"3bd031f\" data-element_type=\"widget\" data-e-type=\"widget\" data-settings=\"{&quot;_animation&quot;:&quot;fadeIn&quot;}\" data-widget_type=\"heading.default\">\n\t\t\t\t<div class=\"elementor-widget-container\">\n\t\t\t\t\t<h2 class=\"elementor-heading-title elementor-size-default\">Investments<\/h2>\t\t\t\t<\/div>\n\t\t\t\t<\/div>\n\t\t\t\t\t<\/div>\n\t\t\t\t<\/div>\n\t\t<div class=\"elementor-element elementor-element-60b5b3b e-con-full e-flex e-con e-parent\" data-id=\"60b5b3b\" data-element_type=\"container\" data-e-type=\"container\" data-settings=\"{&quot;background_background&quot;:&quot;classic&quot;}\">\n\t\t<div class=\"elementor-element elementor-element-2461d2b e-con-full e-flex e-con e-child\" data-id=\"2461d2b\" data-element_type=\"container\" data-e-type=\"container\">\n\t\t\t\t<div class=\"elementor-element elementor-element-30c18ed elementor-widget elementor-widget-heading\" data-id=\"30c18ed\" data-element_type=\"widget\" data-e-type=\"widget\" data-widget_type=\"heading.default\">\n\t\t\t\t<div class=\"elementor-widget-container\">\n\t\t\t\t\t<h3 class=\"elementor-heading-title elementor-size-default\">Abrahama 22<\/h3>\t\t\t\t<\/div>\n\t\t\t\t<\/div>\n\t\t\t\t<div class=\"elementor-element elementor-element-2813b2f elementor-widget elementor-widget-heading\" data-id=\"2813b2f\" data-element_type=\"widget\" data-e-type=\"widget\" data-widget_type=\"heading.default\">\n\t\t\t\t<div class=\"elementor-widget-container\">\n\t\t\t\t\t<h3 class=\"elementor-heading-title elementor-size-default\">8 flats | Gdansk | Sold out<\/h3>\t\t\t\t<\/div>\n\t\t\t\t<\/div>\n\t\t\t\t<div class=\"elementor-element elementor-element-7c26b83 elementor-widget elementor-widget-html\" data-id=\"7c26b83\" data-element_type=\"widget\" data-e-type=\"widget\" data-widget_type=\"html.default\">\n\t\t\t\t<div class=\"elementor-widget-container\">\n\t\t\t\t\t<a href=\"\/en\/abrahama-22\/\" class=\"custom-btn\">Learn about the investment \u2192<\/a>\n\t\t\t\t<\/div>\n\t\t\t\t<\/div>\n\t\t\t\t<div class=\"elementor-element elementor-element-7efe8ac abr22 elementor-widget elementor-widget-image\" data-id=\"7efe8ac\" data-element_type=\"widget\" data-e-type=\"widget\" data-widget_type=\"image.default\">\n\t\t\t\t<div class=\"elementor-widget-container\">\n\t\t\t\t\t\t\t\t\t\t\t\t\t\t\t<img fetchpriority=\"high\" decoding=\"async\" width=\"1024\" height=\"640\" src=\"https:\/\/harbordevelopment.pl\/wp-content\/uploads\/2025\/08\/K4-final-1-1024x640.jpg\" class=\"attachment-large size-large wp-image-1407\" alt=\"\" srcset=\"https:\/\/harbordevelopment.pl\/wp-content\/uploads\/2025\/08\/K4-final-1-1024x640.jpg 1024w, https:\/\/harbordevelopment.pl\/wp-content\/uploads\/2025\/08\/K4-final-1-300x188.jpg 300w, https:\/\/harbordevelopment.pl\/wp-content\/uploads\/2025\/08\/K4-final-1-768x480.jpg 768w, https:\/\/harbordevelopment.pl\/wp-content\/uploads\/2025\/08\/K4-final-1-1536x960.jpg 1536w, https:\/\/harbordevelopment.pl\/wp-content\/uploads\/2025\/08\/K4-final-1-2048x1280.jpg 2048w\" sizes=\"(max-width: 1024px) 100vw, 1024px\" \/>\t\t\t\t\t\t\t\t\t\t\t\t\t\t\t<\/div>\n\t\t\t\t<\/div>\n\t\t\t\t<\/div>\n\t\t<a class=\"elementor-element elementor-element-4f46e73 e-con-full e-flex e-con e-child\" data-id=\"4f46e73\" data-element_type=\"container\" data-e-type=\"container\" href=\"https:\/\/harbordevelopment.pl\/en\/kontakt\/\" target=\"_blank\">\n\t\t\t\t<div class=\"elementor-element elementor-element-7482a3c elementor-widget elementor-widget-heading\" data-id=\"7482a3c\" data-element_type=\"widget\" data-e-type=\"widget\" data-widget_type=\"heading.default\">\n\t\t\t\t<div class=\"elementor-widget-container\">\n\t\t\t\t\t<h3 class=\"elementor-heading-title elementor-size-default\">Adwokacka 24<\/h3>\t\t\t\t<\/div>\n\t\t\t\t<\/div>\n\t\t\t\t<div class=\"elementor-element elementor-element-56c92ad elementor-widget elementor-widget-heading\" data-id=\"56c92ad\" data-element_type=\"widget\" data-e-type=\"widget\" data-widget_type=\"heading.default\">\n\t\t\t\t<div class=\"elementor-widget-container\">\n\t\t\t\t\t<h3 class=\"elementor-heading-title elementor-size-default\">Gdynia | On sale soon<\/h3>\t\t\t\t<\/div>\n\t\t\t\t<\/div>\n\t\t\t\t<div class=\"elementor-element elementor-element-3cb6803 elementor-widget elementor-widget-html\" data-id=\"3cb6803\" data-element_type=\"widget\" data-e-type=\"widget\" data-widget_type=\"html.default\">\n\t\t\t\t<div class=\"elementor-widget-container\">\n\t\t\t\t\t<span href=\"#\" class=\"custom-btn\">Contact \u2192<\/span>\n<style>\n.custom-btn {\n  font-family: 'Montserrat', sans-serif;\n  display: inline-block;\n  padding: 12px 28px;\n  border-radius: 50px;\n  background-color: transparent;\n  color: #121E28; \/* granatowy tekst *\/\n  font-size: 14px;\n  font-weight: 500;\n  text-decoration: none;\n  transition: all 0.3s ease;\n}\n\n.custom-btn:hover {\n  background-color: #121E28; \/* granatowe t\u0142o *\/\n  color: #ffffff; \/* bia\u0142y tekst *\/\n}\n<\/style>\t\t\t\t<\/div>\n\t\t\t\t<\/div>\n\t\t\t\t<div class=\"elementor-element elementor-element-802751d abr22 elementor-widget elementor-widget-image\" data-id=\"802751d\" data-element_type=\"widget\" data-e-type=\"widget\" data-widget_type=\"image.default\">\n\t\t\t\t<div class=\"elementor-widget-container\">\n\t\t\t\t\t\t\t\t\t\t\t\t\t\t\t<img decoding=\"async\" width=\"800\" height=\"500\" src=\"https:\/\/harbordevelopment.pl\/wp-content\/uploads\/2025\/08\/Adwokacka-24-new.jpg\" class=\"attachment-large size-large wp-image-1458\" alt=\"\" srcset=\"https:\/\/harbordevelopment.pl\/wp-content\/uploads\/2025\/08\/Adwokacka-24-new.jpg 800w, https:\/\/harbordevelopment.pl\/wp-content\/uploads\/2025\/08\/Adwokacka-24-new-300x188.jpg 300w, https:\/\/harbordevelopment.pl\/wp-content\/uploads\/2025\/08\/Adwokacka-24-new-768x480.jpg 768w\" sizes=\"(max-width: 800px) 100vw, 800px\" \/>\t\t\t\t\t\t\t\t\t\t\t\t\t\t\t<\/div>\n\t\t\t\t<\/div>\n\t\t\t\t<\/a>\n\t\t<a class=\"elementor-element elementor-element-21d6246 e-con-full e-flex e-con e-child\" data-id=\"21d6246\" data-element_type=\"container\" data-e-type=\"container\" href=\"https:\/\/harbordevelopment.pl\/en\/kontakt\/\" target=\"_blank\">\n\t\t\t\t<div class=\"elementor-element elementor-element-5711ad5 elementor-widget elementor-widget-heading\" data-id=\"5711ad5\" data-element_type=\"widget\" data-e-type=\"widget\" data-widget_type=\"heading.default\">\n\t\t\t\t<div class=\"elementor-widget-container\">\n\t\t\t\t\t<h3 class=\"elementor-heading-title elementor-size-default\">Swiemirowska 6<\/h3>\t\t\t\t<\/div>\n\t\t\t\t<\/div>\n\t\t\t\t<div class=\"elementor-element elementor-element-0f37ccf elementor-widget elementor-widget-heading\" data-id=\"0f37ccf\" data-element_type=\"widget\" data-e-type=\"widget\" data-widget_type=\"heading.default\">\n\t\t\t\t<div class=\"elementor-widget-container\">\n\t\t\t\t\t<h3 class=\"elementor-heading-title elementor-size-default\">Sopot | 7 flats soon to be on sale<\/h3>\t\t\t\t<\/div>\n\t\t\t\t<\/div>\n\t\t\t\t<div class=\"elementor-element elementor-element-184fa68 elementor-widget elementor-widget-html\" data-id=\"184fa68\" data-element_type=\"widget\" data-e-type=\"widget\" data-widget_type=\"html.default\">\n\t\t\t\t<div class=\"elementor-widget-container\">\n\t\t\t\t\t<span href=\"#\" class=\"custom-btn\">Contact \u2192<\/span>\n<style>\n.custom-btn {\n  font-family: 'Montserrat', sans-serif;\n  display: inline-block;\n  padding: 12px 28px;\n  border-radius: 50px;\n  background-color: transparent;\n  color: #121E28; \/* granatowy tekst *\/\n  font-size: 14px;\n  font-weight: 500;\n  text-decoration: none;\n  transition: all 0.3s ease;\n}\n\n.custom-btn:hover {\n  background-color: #121E28; \/* granatowe t\u0142o *\/\n  color: #ffffff; \/* bia\u0142y tekst *\/\n}\n<\/style>\t\t\t\t<\/div>\n\t\t\t\t<\/div>\n\t\t\t\t<div class=\"elementor-element elementor-element-7ef672d abr22 elementor-widget elementor-widget-image\" data-id=\"7ef672d\" data-element_type=\"widget\" data-e-type=\"widget\" data-widget_type=\"image.default\">\n\t\t\t\t<div class=\"elementor-widget-container\">\n\t\t\t\t\t\t\t\t\t\t\t\t\t\t\t<img decoding=\"async\" width=\"1024\" height=\"554\" src=\"https:\/\/harbordevelopment.pl\/wp-content\/uploads\/2026\/02\/WhatsApp-Image-2026-02-24-at-15.17.43-1024x554.jpeg\" class=\"attachment-large size-large wp-image-1960\" alt=\"sopot\" srcset=\"https:\/\/harbordevelopment.pl\/wp-content\/uploads\/2026\/02\/WhatsApp-Image-2026-02-24-at-15.17.43-1024x554.jpeg 1024w, https:\/\/harbordevelopment.pl\/wp-content\/uploads\/2026\/02\/WhatsApp-Image-2026-02-24-at-15.17.43-300x162.jpeg 300w, https:\/\/harbordevelopment.pl\/wp-content\/uploads\/2026\/02\/WhatsApp-Image-2026-02-24-at-15.17.43-768x415.jpeg 768w, https:\/\/harbordevelopment.pl\/wp-content\/uploads\/2026\/02\/WhatsApp-Image-2026-02-24-at-15.17.43-1536x830.jpeg 1536w, https:\/\/harbordevelopment.pl\/wp-content\/uploads\/2026\/02\/WhatsApp-Image-2026-02-24-at-15.17.43.jpeg 1600w\" sizes=\"(max-width: 1024px) 100vw, 1024px\" \/>\t\t\t\t\t\t\t\t\t\t\t\t\t\t\t<\/div>\n\t\t\t\t<\/div>\n\t\t\t\t<\/a>\n\t\t\t\t<\/div>\n\t\t\t\t<\/div>","protected":false},"excerpt":{"rendered":"<p>Inwestycje Abrahama 22 8 mieszka\u0144 | Gda\u0144sk | Wyprzedane Poznaj inwestycj\u0119 \u2192 Adwokacka 24 Gdynia | Wkr\u00f3tce w sprzeda\u017cy Skontaktuj [&hellip;]<\/p>\n","protected":false},"author":1,"featured_media":0,"parent":0,"menu_order":0,"comment_status":"closed","ping_status":"closed","template":"","meta":{"inline_featured_image":false,"site-sidebar-layout":"no-sidebar","site-content-layout":"","ast-site-content-layout":"full-width-container","site-content-style":"default","site-sidebar-style":"default","ast-global-header-display":"","ast-banner-title-visibility":"","ast-main-header-display":"","ast-hfb-above-header-display":"","ast-hfb-below-header-display":"","ast-hfb-mobile-header-display":"","site-post-title":"disabled","ast-breadcrumbs-content":"","ast-featured-img":"disabled","footer-sml-layout":"","ast-disable-related-posts":"","theme-transparent-header-meta":"","adv-header-id-meta":"","stick-header-meta":"","header-above-stick-meta":"","header-main-stick-meta":"","header-below-stick-meta":"","astra-migrate-meta-layouts":"default","ast-page-background-enabled":"default","ast-page-background-meta":{"desktop":{"background-color":"var(--ast-global-color-4)","background-image":"","background-repeat":"repeat","background-position":"center center","background-size":"auto","background-attachment":"scroll","background-type":"","background-media":"","overlay-type":"","overlay-color":"","overlay-opacity":"","overlay-gradient":""},"tablet":{"background-color":"","background-image":"","background-repeat":"repeat","background-position":"center center","background-size":"auto","background-attachment":"scroll","background-type":"","background-media":"","overlay-type":"","overlay-color":"","overlay-opacity":"","overlay-gradient":""},"mobile":{"background-color":"","background-image":"","background-repeat":"repeat","background-position":"center center","background-size":"auto","background-attachment":"scroll","background-type":"","background-media":"","overlay-type":"","overlay-color":"","overlay-opacity":"","overlay-gradient":""}},"ast-content-background-meta":{"desktop":{"background-color":"var(--ast-global-color-5)","background-image":"","background-repeat":"repeat","background-position":"center center","background-size":"auto","background-attachment":"scroll","background-type":"","background-media":"","overlay-type":"","overlay-color":"","overlay-opacity":"","overlay-gradient":""},"tablet":{"background-color":"var(--ast-global-color-5)","background-image":"","background-repeat":"repeat","background-position":"center center","background-size":"auto","background-attachment":"scroll","background-type":"","background-media":"","overlay-type":"","overlay-color":"","overlay-opacity":"","overlay-gradient":""},"mobile":{"background-color":"var(--ast-global-color-5)","background-image":"","background-repeat":"repeat","background-position":"center center","background-size":"auto","background-attachment":"scroll","background-type":"","background-media":"","overlay-type":"","overlay-color":"","overlay-opacity":"","overlay-gradient":""}},"footnotes":""},"class_list":["post-567","page","type-page","status-publish","hentry"],"acf":[],"yoast_head":"<!-- This site is optimized with the Yoast SEO plugin v27.3 - https:\/\/yoast.com\/product\/yoast-seo-wordpress\/ -->\n<title>Inwestycje - Harbor Development<\/title>\n<meta name=\"robots\" content=\"index, follow, max-snippet:-1, max-image-preview:large, max-video-preview:-1\" \/>\n<link rel=\"canonical\" href=\"https:\/\/harbordevelopment.pl\/en\/inwestycje\/\" \/>\n<meta property=\"og:locale\" content=\"en_GB\" \/>\n<meta property=\"og:type\" content=\"article\" \/>\n<meta property=\"og:title\" content=\"Inwestycje - Harbor Development\" \/>\n<meta property=\"og:description\" content=\"Inwestycje Abrahama 22 8 mieszka\u0144 | Gda\u0144sk | Wyprzedane Poznaj inwestycj\u0119 \u2192 Adwokacka 24 Gdynia | Wkr\u00f3tce w sprzeda\u017cy Skontaktuj [&hellip;]\" \/>\n<meta property=\"og:url\" content=\"https:\/\/harbordevelopment.pl\/en\/inwestycje\/\" \/>\n<meta property=\"og:site_name\" content=\"Harbor Development\" \/>\n<meta property=\"article:modified_time\" content=\"2026-04-10T14:31:57+00:00\" \/>\n<meta property=\"og:image\" content=\"https:\/\/harbordevelopment.pl\/wp-content\/uploads\/2025\/08\/K4-final-1-scaled.jpg\" \/>\n\t<meta property=\"og:image:width\" content=\"2560\" \/>\n\t<meta property=\"og:image:height\" content=\"1600\" \/>\n\t<meta property=\"og:image:type\" content=\"image\/jpeg\" \/>\n<meta name=\"twitter:card\" content=\"summary_large_image\" \/>\n<meta name=\"twitter:label1\" content=\"Estimated reading time\" \/>\n\t<meta name=\"twitter:data1\" content=\"1 minute\" \/>\n<script type=\"application\/ld+json\" class=\"yoast-schema-graph\">{\"@context\":\"https:\\\/\\\/schema.org\",\"@graph\":[{\"@type\":\"WebPage\",\"@id\":\"https:\\\/\\\/harbordevelopment.pl\\\/inwestycje\\\/\",\"url\":\"https:\\\/\\\/harbordevelopment.pl\\\/inwestycje\\\/\",\"name\":\"Inwestycje - Harbor Development\",\"isPartOf\":{\"@id\":\"https:\\\/\\\/harbordevelopment.pl\\\/#website\"},\"primaryImageOfPage\":{\"@id\":\"https:\\\/\\\/harbordevelopment.pl\\\/inwestycje\\\/#primaryimage\"},\"image\":{\"@id\":\"https:\\\/\\\/harbordevelopment.pl\\\/inwestycje\\\/#primaryimage\"},\"thumbnailUrl\":\"https:\\\/\\\/harbordevelopment.pl\\\/wp-content\\\/uploads\\\/2025\\\/08\\\/K4-final-1-1024x640.jpg\",\"datePublished\":\"2025-07-16T18:58:12+00:00\",\"dateModified\":\"2026-04-10T14:31:57+00:00\",\"breadcrumb\":{\"@id\":\"https:\\\/\\\/harbordevelopment.pl\\\/inwestycje\\\/#breadcrumb\"},\"inLanguage\":\"en-GB\",\"potentialAction\":[{\"@type\":\"ReadAction\",\"target\":[\"https:\\\/\\\/harbordevelopment.pl\\\/inwestycje\\\/\"]}]},{\"@type\":\"ImageObject\",\"inLanguage\":\"en-GB\",\"@id\":\"https:\\\/\\\/harbordevelopment.pl\\\/inwestycje\\\/#primaryimage\",\"url\":\"https:\\\/\\\/harbordevelopment.pl\\\/wp-content\\\/uploads\\\/2025\\\/08\\\/K4-final-1-1024x640.jpg\",\"contentUrl\":\"https:\\\/\\\/harbordevelopment.pl\\\/wp-content\\\/uploads\\\/2025\\\/08\\\/K4-final-1-1024x640.jpg\"},{\"@type\":\"BreadcrumbList\",\"@id\":\"https:\\\/\\\/harbordevelopment.pl\\\/inwestycje\\\/#breadcrumb\",\"itemListElement\":[{\"@type\":\"ListItem\",\"position\":1,\"name\":\"Strona g\u0142\u00f3wna\",\"item\":\"https:\\\/\\\/harbordevelopment.pl\\\/\"},{\"@type\":\"ListItem\",\"position\":2,\"name\":\"Inwestycje\"}]},{\"@type\":\"WebSite\",\"@id\":\"https:\\\/\\\/harbordevelopment.pl\\\/#website\",\"url\":\"https:\\\/\\\/harbordevelopment.pl\\\/\",\"name\":\"Harbor Development\",\"description\":\"Nieruchomo\u015bci szyte na miar\u0119\",\"publisher\":{\"@id\":\"https:\\\/\\\/harbordevelopment.pl\\\/#organization\"},\"potentialAction\":[{\"@type\":\"SearchAction\",\"target\":{\"@type\":\"EntryPoint\",\"urlTemplate\":\"https:\\\/\\\/harbordevelopment.pl\\\/?s={search_term_string}\"},\"query-input\":{\"@type\":\"PropertyValueSpecification\",\"valueRequired\":true,\"valueName\":\"search_term_string\"}}],\"inLanguage\":\"en-GB\"},{\"@type\":\"Organization\",\"@id\":\"https:\\\/\\\/harbordevelopment.pl\\\/#organization\",\"name\":\"Harbor Development\",\"url\":\"https:\\\/\\\/harbordevelopment.pl\\\/\",\"logo\":{\"@type\":\"ImageObject\",\"inLanguage\":\"en-GB\",\"@id\":\"https:\\\/\\\/harbordevelopment.pl\\\/#\\\/schema\\\/logo\\\/image\\\/\",\"url\":\"https:\\\/\\\/harbordevelopment.pl\\\/wp-content\\\/uploads\\\/2024\\\/11\\\/aa97e1ba56c4e43060a12622dcbbb498.png\",\"contentUrl\":\"https:\\\/\\\/harbordevelopment.pl\\\/wp-content\\\/uploads\\\/2024\\\/11\\\/aa97e1ba56c4e43060a12622dcbbb498.png\",\"width\":500,\"height\":500,\"caption\":\"Harbor Development\"},\"image\":{\"@id\":\"https:\\\/\\\/harbordevelopment.pl\\\/#\\\/schema\\\/logo\\\/image\\\/\"}}]}<\/script>\n<!-- \/ Yoast SEO plugin. -->","yoast_head_json":{"title":"Inwestycje - Harbor Development","robots":{"index":"index","follow":"follow","max-snippet":"max-snippet:-1","max-image-preview":"max-image-preview:large","max-video-preview":"max-video-preview:-1"},"canonical":"https:\/\/harbordevelopment.pl\/en\/inwestycje\/","og_locale":"en_GB","og_type":"article","og_title":"Inwestycje - Harbor Development","og_description":"Inwestycje Abrahama 22 8 mieszka\u0144 | Gda\u0144sk | Wyprzedane Poznaj inwestycj\u0119 \u2192 Adwokacka 24 Gdynia | Wkr\u00f3tce w sprzeda\u017cy Skontaktuj [&hellip;]","og_url":"https:\/\/harbordevelopment.pl\/en\/inwestycje\/","og_site_name":"Harbor Development","article_modified_time":"2026-04-10T14:31:57+00:00","og_image":[{"width":2560,"height":1600,"url":"https:\/\/harbordevelopment.pl\/wp-content\/uploads\/2025\/08\/K4-final-1-scaled.jpg","type":"image\/jpeg"}],"twitter_card":"summary_large_image","twitter_misc":{"Estimated reading time":"1 minute"},"schema":{"@context":"https:\/\/schema.org","@graph":[{"@type":"WebPage","@id":"https:\/\/harbordevelopment.pl\/inwestycje\/","url":"https:\/\/harbordevelopment.pl\/inwestycje\/","name":"Inwestycje - Harbor Development","isPartOf":{"@id":"https:\/\/harbordevelopment.pl\/#website"},"primaryImageOfPage":{"@id":"https:\/\/harbordevelopment.pl\/inwestycje\/#primaryimage"},"image":{"@id":"https:\/\/harbordevelopment.pl\/inwestycje\/#primaryimage"},"thumbnailUrl":"https:\/\/harbordevelopment.pl\/wp-content\/uploads\/2025\/08\/K4-final-1-1024x640.jpg","datePublished":"2025-07-16T18:58:12+00:00","dateModified":"2026-04-10T14:31:57+00:00","breadcrumb":{"@id":"https:\/\/harbordevelopment.pl\/inwestycje\/#breadcrumb"},"inLanguage":"en-GB","potentialAction":[{"@type":"ReadAction","target":["https:\/\/harbordevelopment.pl\/inwestycje\/"]}]},{"@type":"ImageObject","inLanguage":"en-GB","@id":"https:\/\/harbordevelopment.pl\/inwestycje\/#primaryimage","url":"https:\/\/harbordevelopment.pl\/wp-content\/uploads\/2025\/08\/K4-final-1-1024x640.jpg","contentUrl":"https:\/\/harbordevelopment.pl\/wp-content\/uploads\/2025\/08\/K4-final-1-1024x640.jpg"},{"@type":"BreadcrumbList","@id":"https:\/\/harbordevelopment.pl\/inwestycje\/#breadcrumb","itemListElement":[{"@type":"ListItem","position":1,"name":"Strona g\u0142\u00f3wna","item":"https:\/\/harbordevelopment.pl\/"},{"@type":"ListItem","position":2,"name":"Inwestycje"}]},{"@type":"WebSite","@id":"https:\/\/harbordevelopment.pl\/#website","url":"https:\/\/harbordevelopment.pl\/","name":"Harbor Development","description":"Tailor-made real estate","publisher":{"@id":"https:\/\/harbordevelopment.pl\/#organization"},"potentialAction":[{"@type":"SearchAction","target":{"@type":"EntryPoint","urlTemplate":"https:\/\/harbordevelopment.pl\/?s={search_term_string}"},"query-input":{"@type":"PropertyValueSpecification","valueRequired":true,"valueName":"search_term_string"}}],"inLanguage":"en-GB"},{"@type":"Organization","@id":"https:\/\/harbordevelopment.pl\/#organization","name":"Harbor Development","url":"https:\/\/harbordevelopment.pl\/","logo":{"@type":"ImageObject","inLanguage":"en-GB","@id":"https:\/\/harbordevelopment.pl\/#\/schema\/logo\/image\/","url":"https:\/\/harbordevelopment.pl\/wp-content\/uploads\/2024\/11\/aa97e1ba56c4e43060a12622dcbbb498.png","contentUrl":"https:\/\/harbordevelopment.pl\/wp-content\/uploads\/2024\/11\/aa97e1ba56c4e43060a12622dcbbb498.png","width":500,"height":500,"caption":"Harbor Development"},"image":{"@id":"https:\/\/harbordevelopment.pl\/#\/schema\/logo\/image\/"}}]}},"_links":{"self":[{"href":"https:\/\/harbordevelopment.pl\/en\/wp-json\/wp\/v2\/pages\/567","targetHints":{"allow":["GET"]}}],"collection":[{"href":"https:\/\/harbordevelopment.pl\/en\/wp-json\/wp\/v2\/pages"}],"about":[{"href":"https:\/\/harbordevelopment.pl\/en\/wp-json\/wp\/v2\/types\/page"}],"author":[{"embeddable":true,"href":"https:\/\/harbordevelopment.pl\/en\/wp-json\/wp\/v2\/users\/1"}],"replies":[{"embeddable":true,"href":"https:\/\/harbordevelopment.pl\/en\/wp-json\/wp\/v2\/comments?post=567"}],"version-history":[{"count":130,"href":"https:\/\/harbordevelopment.pl\/en\/wp-json\/wp\/v2\/pages\/567\/revisions"}],"predecessor-version":[{"id":2034,"href":"https:\/\/harbordevelopment.pl\/en\/wp-json\/wp\/v2\/pages\/567\/revisions\/2034"}],"wp:attachment":[{"href":"https:\/\/harbordevelopment.pl\/en\/wp-json\/wp\/v2\/media?parent=567"}],"curies":[{"name":"wp","href":"https:\/\/api.w.org\/{rel}","templated":true}]}}