{"id":883,"date":"2025-07-25T14:24:04","date_gmt":"2025-07-25T14:24:04","guid":{"rendered":"https:\/\/harbordevelopment.pl\/?page_id=883"},"modified":"2025-07-28T06:09:49","modified_gmt":"2025-07-28T06:09:49","slug":"dziekujemy","status":"publish","type":"page","link":"https:\/\/harbordevelopment.pl\/en\/dziekujemy\/","title":{"rendered":"Dziekujemy"},"content":{"rendered":"<div data-elementor-type=\"wp-page\" data-elementor-id=\"883\" class=\"elementor elementor-883\" data-elementor-post-type=\"page\">\n\t\t\t\t<div class=\"elementor-element elementor-element-89a7d43 e-flex e-con-boxed e-con e-parent\" data-id=\"89a7d43\" data-element_type=\"container\" data-e-type=\"container\" data-settings=\"{&quot;background_background&quot;:&quot;classic&quot;}\">\n\t\t\t\t\t<div class=\"e-con-inner\">\n\t\t<div class=\"elementor-element elementor-element-2d4fd73 e-con-full e-flex e-con e-child\" data-id=\"2d4fd73\" data-element_type=\"container\" data-e-type=\"container\">\n\t\t\t\t<div class=\"elementor-element elementor-element-3bfafb3 elementor-widget elementor-widget-image\" data-id=\"3bfafb3\" data-element_type=\"widget\" data-e-type=\"widget\" data-widget_type=\"image.default\">\n\t\t\t\t<div class=\"elementor-widget-container\">\n\t\t\t\t\t\t\t\t\t\t\t\t\t\t\t<img fetchpriority=\"high\" decoding=\"async\" width=\"631\" height=\"1024\" src=\"https:\/\/harbordevelopment.pl\/wp-content\/uploads\/2024\/11\/Mask-group-631x1024.png\" class=\"attachment-large size-large wp-image-555\" alt=\"\" srcset=\"https:\/\/harbordevelopment.pl\/wp-content\/uploads\/2024\/11\/Mask-group-631x1024.png 631w, https:\/\/harbordevelopment.pl\/wp-content\/uploads\/2024\/11\/Mask-group-185x300.png 185w, https:\/\/harbordevelopment.pl\/wp-content\/uploads\/2024\/11\/Mask-group.png 714w\" sizes=\"(max-width: 631px) 100vw, 631px\" \/>\t\t\t\t\t\t\t\t\t\t\t\t\t\t\t<\/div>\n\t\t\t\t<\/div>\n\t\t\t\t<div class=\"elementor-element elementor-element-c08a4da animated-slow elementor-invisible elementor-widget elementor-widget-heading\" data-id=\"c08a4da\" data-element_type=\"widget\" data-e-type=\"widget\" data-settings=\"{&quot;_animation&quot;:&quot;fadeIn&quot;}\" data-widget_type=\"heading.default\">\n\t\t\t\t<div class=\"elementor-widget-container\">\n\t\t\t\t\t<h1 class=\"elementor-heading-title elementor-size-default\">Twoje zg\u0142oszenie zosta\u0142o przes\u0142ane\n<\/h1>\t\t\t\t<\/div>\n\t\t\t\t<\/div>\n\t\t\t\t<div class=\"elementor-element elementor-element-b65d049 elementor-widget__width-initial animated-slow elementor-invisible elementor-widget elementor-widget-heading\" data-id=\"b65d049\" data-element_type=\"widget\" data-e-type=\"widget\" data-settings=\"{&quot;_animation&quot;:&quot;fadeIn&quot;}\" data-widget_type=\"heading.default\">\n\t\t\t\t<div class=\"elementor-widget-container\">\n\t\t\t\t\t<h2 class=\"elementor-heading-title elementor-size-default\">Dzi\u0119kujemy za zainteresowanie inwestycj\u0105 Abrahama 22<\/h2>\t\t\t\t<\/div>\n\t\t\t\t<\/div>\n\t\t\t\t<div class=\"elementor-element elementor-element-bd0bab9 elementor-widget__width-initial animated-slow elementor-invisible elementor-widget elementor-widget-text-editor\" data-id=\"bd0bab9\" data-element_type=\"widget\" data-e-type=\"widget\" data-settings=\"{&quot;_animation&quot;:&quot;fadeIn&quot;}\" data-widget_type=\"text-editor.default\">\n\t\t\t\t<div class=\"elementor-widget-container\">\n\t\t\t\t\t\t\t\t\tSkontaktujemy si\u0119 z Tob\u0105 najszybciej, jak to b\u0119dzie mo\u017cliwe.\n\t\t\t\t\t\t\t\t<\/div>\n\t\t\t\t<\/div>\n\t\t\t\t<\/div>\n\t\t<div class=\"elementor-element elementor-element-49a6d61 e-con-full e-flex e-con e-child\" data-id=\"49a6d61\" data-element_type=\"container\" data-e-type=\"container\" data-settings=\"{&quot;position&quot;:&quot;absolute&quot;,&quot;background_background&quot;:&quot;classic&quot;}\">\n\t\t<div class=\"elementor-element elementor-element-9cb2365 e-con-full e-flex e-con e-child\" data-id=\"9cb2365\" data-element_type=\"container\" data-e-type=\"container\" data-settings=\"{&quot;background_background&quot;:&quot;gradient&quot;,&quot;position&quot;:&quot;absolute&quot;}\">\n\t\t\t\t<\/div>\n\t\t<div class=\"elementor-element elementor-element-dcdd901 e-con-full e-flex e-con e-child\" data-id=\"dcdd901\" data-element_type=\"container\" data-e-type=\"container\" data-settings=\"{&quot;background_background&quot;:&quot;gradient&quot;,&quot;position&quot;:&quot;absolute&quot;}\">\n\t\t\t\t<\/div>\n\t\t\t\t<\/div>\n\t\t\t\t\t<\/div>\n\t\t\t\t<\/div>\n\t\t\t\t<\/div>","protected":false},"excerpt":{"rendered":"<p>Twoje zg\u0142oszenie zosta\u0142o przes\u0142ane Dzi\u0119kujemy za zainteresowanie inwestycj\u0105 Abrahama 22 Skontaktujemy si\u0119 z Tob\u0105 najszybciej, jak to b\u0119dzie mo\u017cliwe.<\/p>","protected":false},"author":1,"featured_media":0,"parent":0,"menu_order":0,"comment_status":"closed","ping_status":"closed","template":"elementor_canvas","meta":{"inline_featured_image":false,"site-sidebar-layout":"no-sidebar","site-content-layout":"","ast-site-content-layout":"full-width-container","site-content-style":"default","site-sidebar-style":"default","ast-global-header-display":"","ast-banner-title-visibility":"","ast-main-header-display":"","ast-hfb-above-header-display":"","ast-hfb-below-header-display":"","ast-hfb-mobile-header-display":"","site-post-title":"disabled","ast-breadcrumbs-content":"","ast-featured-img":"disabled","footer-sml-layout":"","ast-disable-related-posts":"","theme-transparent-header-meta":"","adv-header-id-meta":"","stick-header-meta":"","header-above-stick-meta":"","header-main-stick-meta":"","header-below-stick-meta":"","astra-migrate-meta-layouts":"default","ast-page-background-enabled":"default","ast-page-background-meta":{"desktop":{"background-color":"var(--ast-global-color-4)","background-image":"","background-repeat":"repeat","background-position":"center center","background-size":"auto","background-attachment":"scroll","background-type":"","background-media":"","overlay-type":"","overlay-color":"","overlay-opacity":"","overlay-gradient":""},"tablet":{"background-color":"","background-image":"","background-repeat":"repeat","background-position":"center center","background-size":"auto","background-attachment":"scroll","background-type":"","background-media":"","overlay-type":"","overlay-color":"","overlay-opacity":"","overlay-gradient":""},"mobile":{"background-color":"","background-image":"","background-repeat":"repeat","background-position":"center center","background-size":"auto","background-attachment":"scroll","background-type":"","background-media":"","overlay-type":"","overlay-color":"","overlay-opacity":"","overlay-gradient":""}},"ast-content-background-meta":{"desktop":{"background-color":"var(--ast-global-color-5)","background-image":"","background-repeat":"repeat","background-position":"center center","background-size":"auto","background-attachment":"scroll","background-type":"","background-media":"","overlay-type":"","overlay-color":"","overlay-opacity":"","overlay-gradient":""},"tablet":{"background-color":"var(--ast-global-color-5)","background-image":"","background-repeat":"repeat","background-position":"center center","background-size":"auto","background-attachment":"scroll","background-type":"","background-media":"","overlay-type":"","overlay-color":"","overlay-opacity":"","overlay-gradient":""},"mobile":{"background-color":"var(--ast-global-color-5)","background-image":"","background-repeat":"repeat","background-position":"center center","background-size":"auto","background-attachment":"scroll","background-type":"","background-media":"","overlay-type":"","overlay-color":"","overlay-opacity":"","overlay-gradient":""}},"footnotes":""},"class_list":["post-883","page","type-page","status-publish","hentry"],"acf":[],"yoast_head":"<!-- This site is optimized with the Yoast SEO plugin v27.3 - https:\/\/yoast.com\/product\/yoast-seo-wordpress\/ -->\n<title>Dziekujemy - Harbor Development<\/title>\n<meta name=\"robots\" content=\"index, follow, max-snippet:-1, max-image-preview:large, max-video-preview:-1\" \/>\n<link rel=\"canonical\" href=\"https:\/\/harbordevelopment.pl\/en\/dziekujemy\/\" \/>\n<meta property=\"og:locale\" content=\"en_GB\" \/>\n<meta property=\"og:type\" content=\"article\" \/>\n<meta property=\"og:title\" content=\"Dziekujemy - Harbor Development\" \/>\n<meta property=\"og:description\" content=\"Twoje zg\u0142oszenie zosta\u0142o przes\u0142ane Dzi\u0119kujemy za zainteresowanie inwestycj\u0105 Abrahama 22 Skontaktujemy si\u0119 z Tob\u0105 najszybciej, jak to b\u0119dzie mo\u017cliwe.\" \/>\n<meta property=\"og:url\" content=\"https:\/\/harbordevelopment.pl\/en\/dziekujemy\/\" \/>\n<meta property=\"og:site_name\" content=\"Harbor Development\" \/>\n<meta property=\"article:modified_time\" content=\"2025-07-28T06:09:49+00:00\" \/>\n<meta property=\"og:image\" content=\"https:\/\/harbordevelopment.pl\/wp-content\/uploads\/2024\/11\/Mask-group-631x1024.png\" \/>\n<meta name=\"twitter:card\" content=\"summary_large_image\" \/>\n<script type=\"application\/ld+json\" class=\"yoast-schema-graph\">{\"@context\":\"https:\\\/\\\/schema.org\",\"@graph\":[{\"@type\":\"WebPage\",\"@id\":\"https:\\\/\\\/harbordevelopment.pl\\\/dziekujemy\\\/\",\"url\":\"https:\\\/\\\/harbordevelopment.pl\\\/dziekujemy\\\/\",\"name\":\"Dziekujemy - Harbor Development\",\"isPartOf\":{\"@id\":\"https:\\\/\\\/harbordevelopment.pl\\\/#website\"},\"primaryImageOfPage\":{\"@id\":\"https:\\\/\\\/harbordevelopment.pl\\\/dziekujemy\\\/#primaryimage\"},\"image\":{\"@id\":\"https:\\\/\\\/harbordevelopment.pl\\\/dziekujemy\\\/#primaryimage\"},\"thumbnailUrl\":\"https:\\\/\\\/harbordevelopment.pl\\\/wp-content\\\/uploads\\\/2024\\\/11\\\/Mask-group-631x1024.png\",\"datePublished\":\"2025-07-25T14:24:04+00:00\",\"dateModified\":\"2025-07-28T06:09:49+00:00\",\"breadcrumb\":{\"@id\":\"https:\\\/\\\/harbordevelopment.pl\\\/dziekujemy\\\/#breadcrumb\"},\"inLanguage\":\"en-GB\",\"potentialAction\":[{\"@type\":\"ReadAction\",\"target\":[\"https:\\\/\\\/harbordevelopment.pl\\\/dziekujemy\\\/\"]}]},{\"@type\":\"ImageObject\",\"inLanguage\":\"en-GB\",\"@id\":\"https:\\\/\\\/harbordevelopment.pl\\\/dziekujemy\\\/#primaryimage\",\"url\":\"https:\\\/\\\/harbordevelopment.pl\\\/wp-content\\\/uploads\\\/2024\\\/11\\\/Mask-group-631x1024.png\",\"contentUrl\":\"https:\\\/\\\/harbordevelopment.pl\\\/wp-content\\\/uploads\\\/2024\\\/11\\\/Mask-group-631x1024.png\"},{\"@type\":\"BreadcrumbList\",\"@id\":\"https:\\\/\\\/harbordevelopment.pl\\\/dziekujemy\\\/#breadcrumb\",\"itemListElement\":[{\"@type\":\"ListItem\",\"position\":1,\"name\":\"Strona g\u0142\u00f3wna\",\"item\":\"https:\\\/\\\/harbordevelopment.pl\\\/\"},{\"@type\":\"ListItem\",\"position\":2,\"name\":\"Dziekujemy\"}]},{\"@type\":\"WebSite\",\"@id\":\"https:\\\/\\\/harbordevelopment.pl\\\/#website\",\"url\":\"https:\\\/\\\/harbordevelopment.pl\\\/\",\"name\":\"Harbor Development\",\"description\":\"Nieruchomo\u015bci szyte na miar\u0119\",\"publisher\":{\"@id\":\"https:\\\/\\\/harbordevelopment.pl\\\/#organization\"},\"potentialAction\":[{\"@type\":\"SearchAction\",\"target\":{\"@type\":\"EntryPoint\",\"urlTemplate\":\"https:\\\/\\\/harbordevelopment.pl\\\/?s={search_term_string}\"},\"query-input\":{\"@type\":\"PropertyValueSpecification\",\"valueRequired\":true,\"valueName\":\"search_term_string\"}}],\"inLanguage\":\"en-GB\"},{\"@type\":\"Organization\",\"@id\":\"https:\\\/\\\/harbordevelopment.pl\\\/#organization\",\"name\":\"Harbor Development\",\"url\":\"https:\\\/\\\/harbordevelopment.pl\\\/\",\"logo\":{\"@type\":\"ImageObject\",\"inLanguage\":\"en-GB\",\"@id\":\"https:\\\/\\\/harbordevelopment.pl\\\/#\\\/schema\\\/logo\\\/image\\\/\",\"url\":\"https:\\\/\\\/harbordevelopment.pl\\\/wp-content\\\/uploads\\\/2024\\\/11\\\/aa97e1ba56c4e43060a12622dcbbb498.png\",\"contentUrl\":\"https:\\\/\\\/harbordevelopment.pl\\\/wp-content\\\/uploads\\\/2024\\\/11\\\/aa97e1ba56c4e43060a12622dcbbb498.png\",\"width\":500,\"height\":500,\"caption\":\"Harbor Development\"},\"image\":{\"@id\":\"https:\\\/\\\/harbordevelopment.pl\\\/#\\\/schema\\\/logo\\\/image\\\/\"}}]}<\/script>\n<!-- \/ Yoast SEO plugin. -->","yoast_head_json":{"title":"Dziekujemy - Harbor Development","robots":{"index":"index","follow":"follow","max-snippet":"max-snippet:-1","max-image-preview":"max-image-preview:large","max-video-preview":"max-video-preview:-1"},"canonical":"https:\/\/harbordevelopment.pl\/en\/dziekujemy\/","og_locale":"en_GB","og_type":"article","og_title":"Dziekujemy - Harbor Development","og_description":"Twoje zg\u0142oszenie zosta\u0142o przes\u0142ane Dzi\u0119kujemy za zainteresowanie inwestycj\u0105 Abrahama 22 Skontaktujemy si\u0119 z Tob\u0105 najszybciej, jak to b\u0119dzie mo\u017cliwe.","og_url":"https:\/\/harbordevelopment.pl\/en\/dziekujemy\/","og_site_name":"Harbor Development","article_modified_time":"2025-07-28T06:09:49+00:00","og_image":[{"url":"https:\/\/harbordevelopment.pl\/wp-content\/uploads\/2024\/11\/Mask-group-631x1024.png","type":"","width":"","height":""}],"twitter_card":"summary_large_image","schema":{"@context":"https:\/\/schema.org","@graph":[{"@type":"WebPage","@id":"https:\/\/harbordevelopment.pl\/dziekujemy\/","url":"https:\/\/harbordevelopment.pl\/dziekujemy\/","name":"Dziekujemy - Harbor Development","isPartOf":{"@id":"https:\/\/harbordevelopment.pl\/#website"},"primaryImageOfPage":{"@id":"https:\/\/harbordevelopment.pl\/dziekujemy\/#primaryimage"},"image":{"@id":"https:\/\/harbordevelopment.pl\/dziekujemy\/#primaryimage"},"thumbnailUrl":"https:\/\/harbordevelopment.pl\/wp-content\/uploads\/2024\/11\/Mask-group-631x1024.png","datePublished":"2025-07-25T14:24:04+00:00","dateModified":"2025-07-28T06:09:49+00:00","breadcrumb":{"@id":"https:\/\/harbordevelopment.pl\/dziekujemy\/#breadcrumb"},"inLanguage":"en-GB","potentialAction":[{"@type":"ReadAction","target":["https:\/\/harbordevelopment.pl\/dziekujemy\/"]}]},{"@type":"ImageObject","inLanguage":"en-GB","@id":"https:\/\/harbordevelopment.pl\/dziekujemy\/#primaryimage","url":"https:\/\/harbordevelopment.pl\/wp-content\/uploads\/2024\/11\/Mask-group-631x1024.png","contentUrl":"https:\/\/harbordevelopment.pl\/wp-content\/uploads\/2024\/11\/Mask-group-631x1024.png"},{"@type":"BreadcrumbList","@id":"https:\/\/harbordevelopment.pl\/dziekujemy\/#breadcrumb","itemListElement":[{"@type":"ListItem","position":1,"name":"Strona g\u0142\u00f3wna","item":"https:\/\/harbordevelopment.pl\/"},{"@type":"ListItem","position":2,"name":"Dziekujemy"}]},{"@type":"WebSite","@id":"https:\/\/harbordevelopment.pl\/#website","url":"https:\/\/harbordevelopment.pl\/","name":"Harbor Development","description":"Tailor-made real estate","publisher":{"@id":"https:\/\/harbordevelopment.pl\/#organization"},"potentialAction":[{"@type":"SearchAction","target":{"@type":"EntryPoint","urlTemplate":"https:\/\/harbordevelopment.pl\/?s={search_term_string}"},"query-input":{"@type":"PropertyValueSpecification","valueRequired":true,"valueName":"search_term_string"}}],"inLanguage":"en-GB"},{"@type":"Organization","@id":"https:\/\/harbordevelopment.pl\/#organization","name":"Harbor Development","url":"https:\/\/harbordevelopment.pl\/","logo":{"@type":"ImageObject","inLanguage":"en-GB","@id":"https:\/\/harbordevelopment.pl\/#\/schema\/logo\/image\/","url":"https:\/\/harbordevelopment.pl\/wp-content\/uploads\/2024\/11\/aa97e1ba56c4e43060a12622dcbbb498.png","contentUrl":"https:\/\/harbordevelopment.pl\/wp-content\/uploads\/2024\/11\/aa97e1ba56c4e43060a12622dcbbb498.png","width":500,"height":500,"caption":"Harbor Development"},"image":{"@id":"https:\/\/harbordevelopment.pl\/#\/schema\/logo\/image\/"}}]}},"_links":{"self":[{"href":"https:\/\/harbordevelopment.pl\/en\/wp-json\/wp\/v2\/pages\/883","targetHints":{"allow":["GET"]}}],"collection":[{"href":"https:\/\/harbordevelopment.pl\/en\/wp-json\/wp\/v2\/pages"}],"about":[{"href":"https:\/\/harbordevelopment.pl\/en\/wp-json\/wp\/v2\/types\/page"}],"author":[{"embeddable":true,"href":"https:\/\/harbordevelopment.pl\/en\/wp-json\/wp\/v2\/users\/1"}],"replies":[{"embeddable":true,"href":"https:\/\/harbordevelopment.pl\/en\/wp-json\/wp\/v2\/comments?post=883"}],"version-history":[{"count":18,"href":"https:\/\/harbordevelopment.pl\/en\/wp-json\/wp\/v2\/pages\/883\/revisions"}],"predecessor-version":[{"id":914,"href":"https:\/\/harbordevelopment.pl\/en\/wp-json\/wp\/v2\/pages\/883\/revisions\/914"}],"wp:attachment":[{"href":"https:\/\/harbordevelopment.pl\/en\/wp-json\/wp\/v2\/media?parent=883"}],"curies":[{"name":"wp","href":"https:\/\/api.w.org\/{rel}","templated":true}]}}