{"id":903,"date":"2025-07-26T18:47:00","date_gmt":"2025-07-26T18:47:00","guid":{"rendered":"https:\/\/harbordevelopment.pl\/?page_id=903"},"modified":"2025-10-24T09:42:56","modified_gmt":"2025-10-24T09:42:56","slug":"formularz","status":"publish","type":"page","link":"https:\/\/harbordevelopment.pl\/en\/formularz\/","title":{"rendered":"Formularz"},"content":{"rendered":"\t\t<div data-elementor-type=\"wp-page\" data-elementor-id=\"903\" class=\"elementor elementor-903\" data-elementor-post-type=\"page\">\n\t\t\t\t<div class=\"elementor-element elementor-element-becf27f e-flex e-con-boxed e-con e-parent\" data-id=\"becf27f\" data-element_type=\"container\" data-e-type=\"container\" data-settings=\"{&quot;background_background&quot;:&quot;classic&quot;}\">\n\t\t\t\t\t<div class=\"e-con-inner\">\n\t\t<div class=\"elementor-element elementor-element-1c47abd e-con-full e-flex e-con e-child\" data-id=\"1c47abd\" data-element_type=\"container\" data-e-type=\"container\">\n\t\t\t\t<div class=\"elementor-element elementor-element-d3404ce elementor-widget elementor-widget-image\" data-id=\"d3404ce\" data-element_type=\"widget\" data-e-type=\"widget\" data-widget_type=\"image.default\">\n\t\t\t\t<div class=\"elementor-widget-container\">\n\t\t\t\t\t\t\t\t\t\t\t\t\t\t\t<img fetchpriority=\"high\" decoding=\"async\" width=\"631\" height=\"1024\" src=\"https:\/\/harbordevelopment.pl\/wp-content\/uploads\/2024\/11\/Mask-group-631x1024.png\" class=\"attachment-large size-large wp-image-555\" alt=\"\" srcset=\"https:\/\/harbordevelopment.pl\/wp-content\/uploads\/2024\/11\/Mask-group-631x1024.png 631w, https:\/\/harbordevelopment.pl\/wp-content\/uploads\/2024\/11\/Mask-group-185x300.png 185w, https:\/\/harbordevelopment.pl\/wp-content\/uploads\/2024\/11\/Mask-group.png 714w\" sizes=\"(max-width: 631px) 100vw, 631px\" \/>\t\t\t\t\t\t\t\t\t\t\t\t\t\t\t<\/div>\n\t\t\t\t<\/div>\n\t\t\t\t<div class=\"elementor-element elementor-element-a44632d animated-slow elementor-invisible elementor-widget elementor-widget-heading\" data-id=\"a44632d\" data-element_type=\"widget\" data-e-type=\"widget\" data-settings=\"{&quot;_animation&quot;:&quot;fadeIn&quot;}\" data-widget_type=\"heading.default\">\n\t\t\t\t<div class=\"elementor-widget-container\">\n\t\t\t\t\t<h1 class=\"elementor-heading-title elementor-size-default\">Nowa Inwestycja <\/h1>\t\t\t\t<\/div>\n\t\t\t\t<\/div>\n\t\t\t\t<div class=\"elementor-element elementor-element-9f3e47d elementor-widget__width-initial elementor-invisible elementor-widget elementor-widget-heading\" data-id=\"9f3e47d\" data-element_type=\"widget\" data-e-type=\"widget\" data-settings=\"{&quot;_animation&quot;:&quot;fadeIn&quot;}\" data-widget_type=\"heading.default\">\n\t\t\t\t<div class=\"elementor-widget-container\">\n\t\t\t\t\t<h2 class=\"elementor-heading-title elementor-size-default\">Abrahama 22 \u2013 elegancja w&nbsp;zielonym zak\u0105tku Gda\u0144ska\n<\/h2>\t\t\t\t<\/div>\n\t\t\t\t<\/div>\n\t\t\t\t<div class=\"elementor-element elementor-element-a1b5373 elementor-widget__width-initial animated-slow elementor-invisible elementor-widget elementor-widget-text-editor\" data-id=\"a1b5373\" data-element_type=\"widget\" data-e-type=\"widget\" data-settings=\"{&quot;_animation&quot;:&quot;fadeIn&quot;}\" data-widget_type=\"text-editor.default\">\n\t\t\t\t<div class=\"elementor-widget-container\">\n\t\t\t\t\t\t\t\t\t<p>Uzupe\u0142nij formularz kontaktowy aby otrzyma\u0107 ofert\u0119 i\u00a0dowiedzie\u0107 si\u0119 wi\u0119cej<\/p>\t\t\t\t\t\t\t\t<\/div>\n\t\t\t\t<\/div>\n\t\t\t\t<div class=\"elementor-element elementor-element-7c2d368 elementor-button-align-center elementor-widget__width-initial elementor-widget elementor-widget-form\" data-id=\"7c2d368\" data-element_type=\"widget\" data-e-type=\"widget\" data-settings=\"{&quot;step_next_label&quot;:&quot;Nast\\u0119pny&quot;,&quot;step_previous_label&quot;:&quot;Poprzedni&quot;,&quot;button_width&quot;:&quot;100&quot;,&quot;step_type&quot;:&quot;number_text&quot;,&quot;step_icon_shape&quot;:&quot;circle&quot;}\" data-widget_type=\"form.default\">\n\t\t\t\t<div class=\"elementor-widget-container\">\n\t\t\t\t\t\t\t<form class=\"elementor-form\" method=\"post\" name=\"Nowy formularz\" aria-label=\"Nowy formularz\">\n\t\t\t<input type=\"hidden\" name=\"post_id\" value=\"903\"\/>\n\t\t\t<input type=\"hidden\" name=\"form_id\" value=\"7c2d368\"\/>\n\t\t\t<input type=\"hidden\" name=\"referer_title\" value=\"Formularz - Harbor Development\" \/>\n\n\t\t\t\t\t\t\t<input type=\"hidden\" name=\"queried_id\" value=\"903\"\/>\n\t\t\t\n\t\t\t<div class=\"elementor-form-fields-wrapper elementor-labels-\">\n\t\t\t\t\t\t\t\t<div class=\"elementor-field-type-text elementor-field-group elementor-column elementor-field-group-name elementor-col-50\">\n\t\t\t\t\t\t\t\t\t\t\t\t<label for=\"form-field-name\" class=\"elementor-field-label elementor-screen-only\">\n\t\t\t\t\t\t\t\tNazwa\t\t\t\t\t\t\t<\/label>\n\t\t\t\t\t\t\t\t\t\t\t\t\t\t<input size=\"1\" type=\"text\" name=\"form_fields[name]\" id=\"form-field-name\" class=\"elementor-field elementor-size-sm  elementor-field-textual\" placeholder=\"Nazwa\">\n\t\t\t\t\t\t\t\t\t\t\t<\/div>\n\t\t\t\t\t\t\t\t<div class=\"elementor-field-type-email elementor-field-group elementor-column elementor-field-group-email elementor-col-50 elementor-field-required\">\n\t\t\t\t\t\t\t\t\t\t\t\t<label for=\"form-field-email\" class=\"elementor-field-label elementor-screen-only\">\n\t\t\t\t\t\t\t\tE-mail\t\t\t\t\t\t\t<\/label>\n\t\t\t\t\t\t\t\t\t\t\t\t\t\t<input size=\"1\" type=\"email\" name=\"form_fields[email]\" id=\"form-field-email\" class=\"elementor-field elementor-size-sm  elementor-field-textual\" placeholder=\"E-mail\" required=\"required\">\n\t\t\t\t\t\t\t\t\t\t\t<\/div>\n\t\t\t\t\t\t\t\t<div class=\"elementor-field-type-textarea elementor-field-group elementor-column elementor-field-group-message elementor-col-100\">\n\t\t\t\t\t\t\t\t\t\t\t\t<label for=\"form-field-message\" class=\"elementor-field-label elementor-screen-only\">\n\t\t\t\t\t\t\t\tWiadomo\u015b\u0107\t\t\t\t\t\t\t<\/label>\n\t\t\t\t\t\t<textarea class=\"elementor-field-textual elementor-field  elementor-size-sm\" name=\"form_fields[message]\" id=\"form-field-message\" rows=\"3\" placeholder=\"Wiadomo\u015b\u0107\"><\/textarea>\t\t\t\t<\/div>\n\t\t\t\t\t\t\t\t<div class=\"elementor-field-type-acceptance elementor-field-group elementor-column elementor-field-group-field_b19839c elementor-col-100\">\n\t\t\t\t\t\t\t\t\t\t\t\t<label for=\"form-field-field_b19839c\" class=\"elementor-field-label elementor-screen-only\">\n\t\t\t\t\t\t\t\tWiadomo\u015b\u0107\t\t\t\t\t\t\t<\/label>\n\t\t\t\t\t\t\t\t<div class=\"elementor-field-subgroup\">\n\t\t\t<span class=\"elementor-field-option\">\n\t\t\t\t<input type=\"checkbox\" name=\"form_fields[field_b19839c]\" id=\"form-field-field_b19839c\" class=\"elementor-field elementor-size-sm  elementor-acceptance-field\">\n\t\t\t\t<label for=\"form-field-field_b19839c\">Akceptuj\u0119 <a href=\"\/polityka-prywatnosci\">polityk\u0119 prywatno\u015bci.<\/a><\/label>\t\t\t<\/span>\n\t\t<\/div>\n\t\t\t\t\t\t<\/div>\n\t\t\t\t\t\t\t\t<div class=\"elementor-field-group elementor-column elementor-field-type-submit elementor-col-100 e-form__buttons\">\n\t\t\t\t\t<button class=\"elementor-button elementor-size-sm\" type=\"submit\">\n\t\t\t\t\t\t<span class=\"elementor-button-content-wrapper\">\n\t\t\t\t\t\t\t\t\t\t\t\t\t\t\t<span class=\"elementor-button-icon\">\n\t\t\t\t\t\t\t\t\t<svg xmlns=\"http:\/\/www.w3.org\/2000\/svg\" id=\"Capa_1\" height=\"512\" viewBox=\"0 0 512.005 512.005\" width=\"512\"><g><path d=\"m511.658 51.675c2.496-11.619-8.895-21.416-20.007-17.176l-482 184c-5.801 2.215-9.638 7.775-9.65 13.984-.012 6.21 3.803 11.785 9.596 14.022l135.403 52.295v164.713c0 6.948 4.771 12.986 11.531 14.593 6.715 1.597 13.717-1.598 16.865-7.843l56.001-111.128 136.664 101.423c8.313 6.17 20.262 2.246 23.287-7.669 127.599-418.357 122.083-400.163 122.31-401.214zm-118.981 52.718-234.803 167.219-101.028-39.018zm-217.677 191.852 204.668-145.757c-176.114 185.79-166.916 176.011-167.684 177.045-1.141 1.535 1.985-4.448-36.984 72.882zm191.858 127.546-120.296-89.276 217.511-229.462z\"><\/path><\/g><\/svg>\t\t\t\t\t\t\t\t\t\t\t\t\t\t\t\t\t<\/span>\n\t\t\t\t\t\t\t\t\t\t\t\t\t\t\t\t\t\t\t\t\t\t<span class=\"elementor-button-text\">Wy\u015blij zg\u0142oszenie<\/span>\n\t\t\t\t\t\t\t\t\t\t\t\t\t<\/span>\n\t\t\t\t\t<\/button>\n\t\t\t\t<\/div>\n\t\t\t<\/div>\n\t\t<\/form>\n\t\t\t\t\t\t<\/div>\n\t\t\t\t<\/div>\n\t\t\t\t<\/div>\n\t\t<div class=\"elementor-element elementor-element-2b9097e e-con-full e-flex e-con e-child\" data-id=\"2b9097e\" data-element_type=\"container\" data-e-type=\"container\" data-settings=\"{&quot;position&quot;:&quot;absolute&quot;,&quot;background_background&quot;:&quot;classic&quot;}\">\n\t\t<div class=\"elementor-element elementor-element-1906569 e-con-full e-flex e-con e-child\" data-id=\"1906569\" data-element_type=\"container\" data-e-type=\"container\" data-settings=\"{&quot;background_background&quot;:&quot;gradient&quot;,&quot;position&quot;:&quot;absolute&quot;}\">\n\t\t\t\t<\/div>\n\t\t<div class=\"elementor-element elementor-element-9be4795 e-con-full e-flex e-con e-child\" data-id=\"9be4795\" data-element_type=\"container\" data-e-type=\"container\" data-settings=\"{&quot;background_background&quot;:&quot;gradient&quot;,&quot;position&quot;:&quot;absolute&quot;}\">\n\t\t\t\t<\/div>\n\t\t\t\t<\/div>\n\t\t\t\t\t<\/div>\n\t\t\t\t<\/div>\n\t\t\t\t<\/div>\n\t\t","protected":false},"excerpt":{"rendered":"<p>Nowa Inwestycja Abrahama 22 \u2013 elegancja w&nbsp;zielonym zak\u0105tku Gda\u0144ska Uzupe\u0142nij formularz kontaktowy aby otrzyma\u0107 ofert\u0119 i\u00a0dowiedzie\u0107 si\u0119 wi\u0119cej<\/p>","protected":false},"author":1,"featured_media":0,"parent":0,"menu_order":0,"comment_status":"closed","ping_status":"closed","template":"elementor_canvas","meta":{"inline_featured_image":false,"site-sidebar-layout":"no-sidebar","site-content-layout":"","ast-site-content-layout":"full-width-container","site-content-style":"default","site-sidebar-style":"default","ast-global-header-display":"","ast-banner-title-visibility":"","ast-main-header-display":"","ast-hfb-above-header-display":"","ast-hfb-below-header-display":"","ast-hfb-mobile-header-display":"","site-post-title":"disabled","ast-breadcrumbs-content":"","ast-featured-img":"disabled","footer-sml-layout":"","ast-disable-related-posts":"","theme-transparent-header-meta":"","adv-header-id-meta":"","stick-header-meta":"","header-above-stick-meta":"","header-main-stick-meta":"","header-below-stick-meta":"","astra-migrate-meta-layouts":"default","ast-page-background-enabled":"default","ast-page-background-meta":{"desktop":{"background-color":"var(--ast-global-color-4)","background-image":"","background-repeat":"repeat","background-position":"center center","background-size":"auto","background-attachment":"scroll","background-type":"","background-media":"","overlay-type":"","overlay-color":"","overlay-opacity":"","overlay-gradient":""},"tablet":{"background-color":"","background-image":"","background-repeat":"repeat","background-position":"center center","background-size":"auto","background-attachment":"scroll","background-type":"","background-media":"","overlay-type":"","overlay-color":"","overlay-opacity":"","overlay-gradient":""},"mobile":{"background-color":"","background-image":"","background-repeat":"repeat","background-position":"center center","background-size":"auto","background-attachment":"scroll","background-type":"","background-media":"","overlay-type":"","overlay-color":"","overlay-opacity":"","overlay-gradient":""}},"ast-content-background-meta":{"desktop":{"background-color":"var(--ast-global-color-5)","background-image":"","background-repeat":"repeat","background-position":"center center","background-size":"auto","background-attachment":"scroll","background-type":"","background-media":"","overlay-type":"","overlay-color":"","overlay-opacity":"","overlay-gradient":""},"tablet":{"background-color":"var(--ast-global-color-5)","background-image":"","background-repeat":"repeat","background-position":"center center","background-size":"auto","background-attachment":"scroll","background-type":"","background-media":"","overlay-type":"","overlay-color":"","overlay-opacity":"","overlay-gradient":""},"mobile":{"background-color":"var(--ast-global-color-5)","background-image":"","background-repeat":"repeat","background-position":"center center","background-size":"auto","background-attachment":"scroll","background-type":"","background-media":"","overlay-type":"","overlay-color":"","overlay-opacity":"","overlay-gradient":""}},"footnotes":""},"class_list":["post-903","page","type-page","status-publish","hentry"],"acf":[],"yoast_head":"<!-- This site is optimized with the Yoast SEO plugin v27.3 - https:\/\/yoast.com\/product\/yoast-seo-wordpress\/ -->\n<title>Formularz - Harbor Development<\/title>\n<meta name=\"robots\" content=\"index, follow, max-snippet:-1, max-image-preview:large, max-video-preview:-1\" \/>\n<link rel=\"canonical\" href=\"https:\/\/harbordevelopment.pl\/en\/formularz\/\" \/>\n<meta property=\"og:locale\" content=\"en_GB\" \/>\n<meta property=\"og:type\" content=\"article\" \/>\n<meta property=\"og:title\" content=\"Formularz - Harbor Development\" \/>\n<meta property=\"og:description\" content=\"Nowa Inwestycja Abrahama 22 \u2013 elegancja w&nbsp;zielonym zak\u0105tku Gda\u0144ska Uzupe\u0142nij formularz kontaktowy aby otrzyma\u0107 ofert\u0119 i\u00a0dowiedzie\u0107 si\u0119 wi\u0119cej\" \/>\n<meta property=\"og:url\" content=\"https:\/\/harbordevelopment.pl\/en\/formularz\/\" \/>\n<meta property=\"og:site_name\" content=\"Harbor Development\" \/>\n<meta property=\"article:modified_time\" content=\"2025-10-24T09:42:56+00:00\" \/>\n<meta property=\"og:image\" content=\"https:\/\/harbordevelopment.pl\/wp-content\/uploads\/2024\/11\/Mask-group.png\" \/>\n\t<meta property=\"og:image:width\" content=\"714\" \/>\n\t<meta property=\"og:image:height\" content=\"1158\" \/>\n\t<meta property=\"og:image:type\" content=\"image\/png\" \/>\n<meta name=\"twitter:card\" content=\"summary_large_image\" \/>\n<meta name=\"twitter:label1\" content=\"Estimated reading time\" \/>\n\t<meta name=\"twitter:data1\" content=\"1 minute\" \/>\n<script type=\"application\/ld+json\" class=\"yoast-schema-graph\">{\"@context\":\"https:\\\/\\\/schema.org\",\"@graph\":[{\"@type\":\"WebPage\",\"@id\":\"https:\\\/\\\/harbordevelopment.pl\\\/formularz\\\/\",\"url\":\"https:\\\/\\\/harbordevelopment.pl\\\/formularz\\\/\",\"name\":\"Formularz - Harbor Development\",\"isPartOf\":{\"@id\":\"https:\\\/\\\/harbordevelopment.pl\\\/#website\"},\"primaryImageOfPage\":{\"@id\":\"https:\\\/\\\/harbordevelopment.pl\\\/formularz\\\/#primaryimage\"},\"image\":{\"@id\":\"https:\\\/\\\/harbordevelopment.pl\\\/formularz\\\/#primaryimage\"},\"thumbnailUrl\":\"https:\\\/\\\/harbordevelopment.pl\\\/wp-content\\\/uploads\\\/2024\\\/11\\\/Mask-group-631x1024.png\",\"datePublished\":\"2025-07-26T18:47:00+00:00\",\"dateModified\":\"2025-10-24T09:42:56+00:00\",\"breadcrumb\":{\"@id\":\"https:\\\/\\\/harbordevelopment.pl\\\/formularz\\\/#breadcrumb\"},\"inLanguage\":\"en-GB\",\"potentialAction\":[{\"@type\":\"ReadAction\",\"target\":[\"https:\\\/\\\/harbordevelopment.pl\\\/formularz\\\/\"]}]},{\"@type\":\"ImageObject\",\"inLanguage\":\"en-GB\",\"@id\":\"https:\\\/\\\/harbordevelopment.pl\\\/formularz\\\/#primaryimage\",\"url\":\"https:\\\/\\\/harbordevelopment.pl\\\/wp-content\\\/uploads\\\/2024\\\/11\\\/Mask-group-631x1024.png\",\"contentUrl\":\"https:\\\/\\\/harbordevelopment.pl\\\/wp-content\\\/uploads\\\/2024\\\/11\\\/Mask-group-631x1024.png\"},{\"@type\":\"BreadcrumbList\",\"@id\":\"https:\\\/\\\/harbordevelopment.pl\\\/formularz\\\/#breadcrumb\",\"itemListElement\":[{\"@type\":\"ListItem\",\"position\":1,\"name\":\"Strona g\u0142\u00f3wna\",\"item\":\"https:\\\/\\\/harbordevelopment.pl\\\/\"},{\"@type\":\"ListItem\",\"position\":2,\"name\":\"Formularz\"}]},{\"@type\":\"WebSite\",\"@id\":\"https:\\\/\\\/harbordevelopment.pl\\\/#website\",\"url\":\"https:\\\/\\\/harbordevelopment.pl\\\/\",\"name\":\"Harbor Development\",\"description\":\"Nieruchomo\u015bci szyte na miar\u0119\",\"publisher\":{\"@id\":\"https:\\\/\\\/harbordevelopment.pl\\\/#organization\"},\"potentialAction\":[{\"@type\":\"SearchAction\",\"target\":{\"@type\":\"EntryPoint\",\"urlTemplate\":\"https:\\\/\\\/harbordevelopment.pl\\\/?s={search_term_string}\"},\"query-input\":{\"@type\":\"PropertyValueSpecification\",\"valueRequired\":true,\"valueName\":\"search_term_string\"}}],\"inLanguage\":\"en-GB\"},{\"@type\":\"Organization\",\"@id\":\"https:\\\/\\\/harbordevelopment.pl\\\/#organization\",\"name\":\"Harbor Development\",\"url\":\"https:\\\/\\\/harbordevelopment.pl\\\/\",\"logo\":{\"@type\":\"ImageObject\",\"inLanguage\":\"en-GB\",\"@id\":\"https:\\\/\\\/harbordevelopment.pl\\\/#\\\/schema\\\/logo\\\/image\\\/\",\"url\":\"https:\\\/\\\/harbordevelopment.pl\\\/wp-content\\\/uploads\\\/2024\\\/11\\\/aa97e1ba56c4e43060a12622dcbbb498.png\",\"contentUrl\":\"https:\\\/\\\/harbordevelopment.pl\\\/wp-content\\\/uploads\\\/2024\\\/11\\\/aa97e1ba56c4e43060a12622dcbbb498.png\",\"width\":500,\"height\":500,\"caption\":\"Harbor Development\"},\"image\":{\"@id\":\"https:\\\/\\\/harbordevelopment.pl\\\/#\\\/schema\\\/logo\\\/image\\\/\"}}]}<\/script>\n<!-- \/ Yoast SEO plugin. -->","yoast_head_json":{"title":"Formularz - Harbor Development","robots":{"index":"index","follow":"follow","max-snippet":"max-snippet:-1","max-image-preview":"max-image-preview:large","max-video-preview":"max-video-preview:-1"},"canonical":"https:\/\/harbordevelopment.pl\/en\/formularz\/","og_locale":"en_GB","og_type":"article","og_title":"Formularz - Harbor Development","og_description":"Nowa Inwestycja Abrahama 22 \u2013 elegancja w&nbsp;zielonym zak\u0105tku Gda\u0144ska Uzupe\u0142nij formularz kontaktowy aby otrzyma\u0107 ofert\u0119 i\u00a0dowiedzie\u0107 si\u0119 wi\u0119cej","og_url":"https:\/\/harbordevelopment.pl\/en\/formularz\/","og_site_name":"Harbor Development","article_modified_time":"2025-10-24T09:42:56+00:00","og_image":[{"width":714,"height":1158,"url":"https:\/\/harbordevelopment.pl\/wp-content\/uploads\/2024\/11\/Mask-group.png","type":"image\/png"}],"twitter_card":"summary_large_image","twitter_misc":{"Estimated reading time":"1 minute"},"schema":{"@context":"https:\/\/schema.org","@graph":[{"@type":"WebPage","@id":"https:\/\/harbordevelopment.pl\/formularz\/","url":"https:\/\/harbordevelopment.pl\/formularz\/","name":"Formularz - Harbor Development","isPartOf":{"@id":"https:\/\/harbordevelopment.pl\/#website"},"primaryImageOfPage":{"@id":"https:\/\/harbordevelopment.pl\/formularz\/#primaryimage"},"image":{"@id":"https:\/\/harbordevelopment.pl\/formularz\/#primaryimage"},"thumbnailUrl":"https:\/\/harbordevelopment.pl\/wp-content\/uploads\/2024\/11\/Mask-group-631x1024.png","datePublished":"2025-07-26T18:47:00+00:00","dateModified":"2025-10-24T09:42:56+00:00","breadcrumb":{"@id":"https:\/\/harbordevelopment.pl\/formularz\/#breadcrumb"},"inLanguage":"en-GB","potentialAction":[{"@type":"ReadAction","target":["https:\/\/harbordevelopment.pl\/formularz\/"]}]},{"@type":"ImageObject","inLanguage":"en-GB","@id":"https:\/\/harbordevelopment.pl\/formularz\/#primaryimage","url":"https:\/\/harbordevelopment.pl\/wp-content\/uploads\/2024\/11\/Mask-group-631x1024.png","contentUrl":"https:\/\/harbordevelopment.pl\/wp-content\/uploads\/2024\/11\/Mask-group-631x1024.png"},{"@type":"BreadcrumbList","@id":"https:\/\/harbordevelopment.pl\/formularz\/#breadcrumb","itemListElement":[{"@type":"ListItem","position":1,"name":"Strona g\u0142\u00f3wna","item":"https:\/\/harbordevelopment.pl\/"},{"@type":"ListItem","position":2,"name":"Formularz"}]},{"@type":"WebSite","@id":"https:\/\/harbordevelopment.pl\/#website","url":"https:\/\/harbordevelopment.pl\/","name":"Harbor Development","description":"Tailor-made real estate","publisher":{"@id":"https:\/\/harbordevelopment.pl\/#organization"},"potentialAction":[{"@type":"SearchAction","target":{"@type":"EntryPoint","urlTemplate":"https:\/\/harbordevelopment.pl\/?s={search_term_string}"},"query-input":{"@type":"PropertyValueSpecification","valueRequired":true,"valueName":"search_term_string"}}],"inLanguage":"en-GB"},{"@type":"Organization","@id":"https:\/\/harbordevelopment.pl\/#organization","name":"Harbor Development","url":"https:\/\/harbordevelopment.pl\/","logo":{"@type":"ImageObject","inLanguage":"en-GB","@id":"https:\/\/harbordevelopment.pl\/#\/schema\/logo\/image\/","url":"https:\/\/harbordevelopment.pl\/wp-content\/uploads\/2024\/11\/aa97e1ba56c4e43060a12622dcbbb498.png","contentUrl":"https:\/\/harbordevelopment.pl\/wp-content\/uploads\/2024\/11\/aa97e1ba56c4e43060a12622dcbbb498.png","width":500,"height":500,"caption":"Harbor Development"},"image":{"@id":"https:\/\/harbordevelopment.pl\/#\/schema\/logo\/image\/"}}]}},"_links":{"self":[{"href":"https:\/\/harbordevelopment.pl\/en\/wp-json\/wp\/v2\/pages\/903","targetHints":{"allow":["GET"]}}],"collection":[{"href":"https:\/\/harbordevelopment.pl\/en\/wp-json\/wp\/v2\/pages"}],"about":[{"href":"https:\/\/harbordevelopment.pl\/en\/wp-json\/wp\/v2\/types\/page"}],"author":[{"embeddable":true,"href":"https:\/\/harbordevelopment.pl\/en\/wp-json\/wp\/v2\/users\/1"}],"replies":[{"embeddable":true,"href":"https:\/\/harbordevelopment.pl\/en\/wp-json\/wp\/v2\/comments?post=903"}],"version-history":[{"count":47,"href":"https:\/\/harbordevelopment.pl\/en\/wp-json\/wp\/v2\/pages\/903\/revisions"}],"predecessor-version":[{"id":1658,"href":"https:\/\/harbordevelopment.pl\/en\/wp-json\/wp\/v2\/pages\/903\/revisions\/1658"}],"wp:attachment":[{"href":"https:\/\/harbordevelopment.pl\/en\/wp-json\/wp\/v2\/media?parent=903"}],"curies":[{"name":"wp","href":"https:\/\/api.w.org\/{rel}","templated":true}]}}